{"id":177,"date":"2026-01-21T09:19:51","date_gmt":"2026-01-21T08:19:51","guid":{"rendered":"https:\/\/gesundvespern.com\/?page_id=177"},"modified":"2026-03-11T11:05:12","modified_gmt":"2026-03-11T10:05:12","slug":"leistungen","status":"publish","type":"page","link":"https:\/\/gesundvespern.com\/?page_id=177","title":{"rendered":"Leistungen"},"content":{"rendered":"\t\t<div data-elementor-type=\"wp-page\" data-elementor-id=\"177\" class=\"elementor elementor-177\">\n\t\t\t\t<div class=\"elementor-element elementor-element-41d89ee e-flex e-con-boxed e-con e-parent\" data-id=\"41d89ee\" data-element_type=\"container\" data-e-type=\"container\" data-settings=\"{&quot;background_background&quot;:&quot;classic&quot;}\">\n\t\t\t\t\t<div class=\"e-con-inner\">\n\t\t<div class=\"elementor-element elementor-element-e097d76 e-con-full e-flex e-con e-child\" data-id=\"e097d76\" data-element_type=\"container\" data-e-type=\"container\">\n\t\t\t\t<div class=\"elementor-element elementor-element-8db13e5 elementor-widget elementor-widget-image\" data-id=\"8db13e5\" data-element_type=\"widget\" data-e-type=\"widget\" data-widget_type=\"image.default\">\n\t\t\t\t\t\t\t\t\t\t\t\t\t\t\t<img fetchpriority=\"high\" decoding=\"async\" width=\"500\" height=\"250\" src=\"https:\/\/gesundvespern.com\/wp-content\/uploads\/2026\/01\/kirsten-vesper-logo.png\" class=\"attachment-large size-large wp-image-37\" alt=\"\" srcset=\"https:\/\/gesundvespern.com\/wp-content\/uploads\/2026\/01\/kirsten-vesper-logo.png 500w, https:\/\/gesundvespern.com\/wp-content\/uploads\/2026\/01\/kirsten-vesper-logo-300x150.png 300w\" sizes=\"(max-width: 500px) 100vw, 500px\" \/>\t\t\t\t\t\t\t\t\t\t\t\t\t\t\t<\/div>\n\t\t\t\t<\/div>\n\t\t\t\t\t<\/div>\n\t\t\t\t<\/div>\n\t\t<div class=\"elementor-element elementor-element-d6f099b e-flex e-con-boxed e-con e-parent\" data-id=\"d6f099b\" data-element_type=\"container\" data-e-type=\"container\" data-settings=\"{&quot;background_background&quot;:&quot;classic&quot;}\">\n\t\t\t\t\t<div class=\"e-con-inner\">\n\t\t<div class=\"elementor-element elementor-element-f4a7a94 e-flex e-con-boxed e-con e-child\" data-id=\"f4a7a94\" data-element_type=\"container\" data-e-type=\"container\" data-settings=\"{&quot;background_background&quot;:&quot;classic&quot;}\">\n\t\t\t\t\t<div class=\"e-con-inner\">\n\t\t\t\t<div class=\"elementor-element elementor-element-8483974 elementor-widget elementor-widget-spacer\" data-id=\"8483974\" data-element_type=\"widget\" data-e-type=\"widget\" data-widget_type=\"spacer.default\">\n\t\t\t\t\t\t\t<div class=\"elementor-spacer\">\n\t\t\t<div class=\"elementor-spacer-inner\"><\/div>\n\t\t<\/div>\n\t\t\t\t\t\t<\/div>\n\t\t\t\t<div class=\"elementor-element elementor-element-3b24209 elementor-widget elementor-widget-heading\" data-id=\"3b24209\" data-element_type=\"widget\" data-e-type=\"widget\" data-widget_type=\"heading.default\">\n\t\t\t\t\t<h2 class=\"elementor-heading-title elementor-size-default\">Meine Leistungen<\/h2>\t\t\t\t<\/div>\n\t\t\t\t<div class=\"elementor-element elementor-element-63c83db elementor-widget-divider--view-line elementor-widget elementor-widget-divider\" data-id=\"63c83db\" data-element_type=\"widget\" data-e-type=\"widget\" data-widget_type=\"divider.default\">\n\t\t\t\t\t\t\t<div class=\"elementor-divider\">\n\t\t\t<span class=\"elementor-divider-separator\">\n\t\t\t\t\t\t<\/span>\n\t\t<\/div>\n\t\t\t\t\t\t<\/div>\n\t\t\t\t<div class=\"elementor-element elementor-element-aaa995e elementor-widget elementor-widget-text-editor\" data-id=\"aaa995e\" data-element_type=\"widget\" data-e-type=\"widget\" data-widget_type=\"text-editor.default\">\n\t\t\t\t\t\t\t\t\t<p><span style=\"font-weight: 400;\">Einzelberatung \/ &#8211; coaching<\/span><\/p><p><span style=\"font-weight: 400;\">Gesunde und genussvolle Gewichtsreduktion<\/span><\/p><p><span style=\"font-weight: 400;\">Onlineberatung<\/span><\/p><p><span style=\"font-weight: 400;\">Hausbesuche \/ Mobile Beratung<\/span><\/p><p><span style=\"font-weight: 400;\">Einkaufstraining<\/span><\/p><p><span style=\"font-weight: 400;\">K\u00fchlschrank-Check, Vorratscheck<\/span><\/p><p><span style=\"font-weight: 400;\">Kochseminare vor Ort und online<\/span><\/p><p><span style=\"font-weight: 400;\">Vortr\u00e4ge auf Anfrage in bestimmten Vereinen, Betrieben, Gruppen<\/span><\/p><p><span style=\"font-weight: 400;\">Pr\u00e4ventionskurse auf Anfrage mit Krankenkassenzuschuss<\/span><\/p><p><span style=\"font-weight: 400;\">Betriebliche Gesundheitsf\u00f6rderung<\/span><\/p><p><span style=\"font-weight: 400;\">Beratung und Durchf\u00fchrung von gesundheitsf\u00f6rdernden Ma\u00dfnahmen in Betrieben<\/span><\/p>\t\t\t\t\t\t\t\t<\/div>\n\t\t\t\t<div class=\"elementor-element elementor-element-d4d86b6 elementor-widget-divider--view-line elementor-widget elementor-widget-divider\" data-id=\"d4d86b6\" data-element_type=\"widget\" data-e-type=\"widget\" data-widget_type=\"divider.default\">\n\t\t\t\t\t\t\t<div class=\"elementor-divider\">\n\t\t\t<span class=\"elementor-divider-separator\">\n\t\t\t\t\t\t<\/span>\n\t\t<\/div>\n\t\t\t\t\t\t<\/div>\n\t\t\t\t<div class=\"elementor-element elementor-element-a2dcb92 elementor-widget elementor-widget-heading\" data-id=\"a2dcb92\" data-element_type=\"widget\" data-e-type=\"widget\" data-widget_type=\"heading.default\">\n\t\t\t\t\t<h2 class=\"elementor-heading-title elementor-size-default\">Preise<\/h2>\t\t\t\t<\/div>\n\t\t<div class=\"elementor-element elementor-element-50747ae e-con-full e-flex e-con e-child\" data-id=\"50747ae\" data-element_type=\"container\" data-e-type=\"container\">\n\t\t\t\t<div class=\"elementor-element elementor-element-33d39bc elementor-widget elementor-widget-text-editor\" data-id=\"33d39bc\" data-element_type=\"widget\" data-e-type=\"widget\" data-widget_type=\"text-editor.default\">\n\t\t\t\t\t\t\t\t\t<p>Die Einzeltherapie wird von den gesetzlichen Krankenkassen nennenswert bezuschusst. Im Durchschnitt liegt der Zuschuss bei ca. 70-100 % der entstehenden Kosten. (zum Beispiel kosten 5 Einzel-Termine 290 Euro)<\/p><p>Die \u00fcbrigen Leistungen werden individuell berechnet.<\/p>\t\t\t\t\t\t\t\t<\/div>\n\t\t\t\t<div class=\"elementor-element elementor-element-2eb8241 elementor-widget-divider--view-line elementor-widget elementor-widget-divider\" data-id=\"2eb8241\" data-element_type=\"widget\" data-e-type=\"widget\" data-widget_type=\"divider.default\">\n\t\t\t\t\t\t\t<div class=\"elementor-divider\">\n\t\t\t<span class=\"elementor-divider-separator\">\n\t\t\t\t\t\t<\/span>\n\t\t<\/div>\n\t\t\t\t\t\t<\/div>\n\t\t\t\t<div class=\"elementor-element elementor-element-bfac80c elementor-widget elementor-widget-text-editor\" data-id=\"bfac80c\" data-element_type=\"widget\" data-e-type=\"widget\" data-widget_type=\"text-editor.default\">\n\t\t\t\t\t\t\t\t\t<p>Bei Fragen k\u00f6nnen Sie mich nat\u00fcrlich gerne telefonisch oder per Email erreichen.<\/p>\n<p><\/p>\n<p>Ich freue mich auf Sie!<\/p>\t\t\t\t\t\t\t\t<\/div>\n\t\t\t\t<div class=\"elementor-element elementor-element-9e98361 elementor-widget elementor-widget-heading\" data-id=\"9e98361\" data-element_type=\"widget\" data-e-type=\"widget\" data-widget_type=\"heading.default\">\n\t\t\t\t\t<h2 class=\"elementor-heading-title elementor-size-default\">Ihre Kirsten Vesper<\/h2>\t\t\t\t<\/div>\n\t\t\t\t<div class=\"elementor-element elementor-element-8988475 elementor-widget elementor-widget-spacer\" data-id=\"8988475\" data-element_type=\"widget\" data-e-type=\"widget\" data-widget_type=\"spacer.default\">\n\t\t\t\t\t\t\t<div class=\"elementor-spacer\">\n\t\t\t<div class=\"elementor-spacer-inner\"><\/div>\n\t\t<\/div>\n\t\t\t\t\t\t<\/div>\n\t\t\t\t<\/div>\n\t\t\t\t\t<\/div>\n\t\t\t\t<\/div>\n\t\t<div class=\"elementor-element elementor-element-3830705 e-con-full e-flex e-con e-child\" data-id=\"3830705\" data-element_type=\"container\" data-e-type=\"container\">\n\t\t\t\t<div class=\"elementor-element elementor-element-3e5a3d1 elementor-widget elementor-widget-text-editor\" data-id=\"3e5a3d1\" data-element_type=\"widget\" data-e-type=\"widget\" data-widget_type=\"text-editor.default\">\n\t\t\t\t\t\t\t\t\t<p>Praxis f\u00fcr Ern\u00e4hrungstherapie<br \/>Kirsten Vesper<\/p>\t\t\t\t\t\t\t\t<\/div>\n\t\t\t\t<div class=\"elementor-element elementor-element-b0f00f6 elementor-widget elementor-widget-heading\" data-id=\"b0f00f6\" data-element_type=\"widget\" data-e-type=\"widget\" data-widget_type=\"heading.default\">\n\t\t\t\t\t<h2 class=\"elementor-heading-title elementor-size-default\">Gesund Vespern<\/h2>\t\t\t\t<\/div>\n\t\t\t\t<div class=\"elementor-element elementor-element-6935e5c elementor-widget elementor-widget-image\" data-id=\"6935e5c\" data-element_type=\"widget\" data-e-type=\"widget\" data-widget_type=\"image.default\">\n\t\t\t\t\t\t\t\t\t\t\t\t\t\t\t<img decoding=\"async\" width=\"185\" height=\"170\" src=\"https:\/\/gesundvespern.com\/wp-content\/uploads\/2026\/01\/apfel-ernaehrung.png\" class=\"attachment-large size-large wp-image-233\" alt=\"\" \/>\t\t\t\t\t\t\t\t\t\t\t\t\t\t\t<\/div>\n\t\t\t\t<div class=\"elementor-element elementor-element-11ae7d9 elementor-widget elementor-widget-text-editor\" data-id=\"11ae7d9\" data-element_type=\"widget\" data-e-type=\"widget\" data-widget_type=\"text-editor.default\">\n\t\t\t\t\t\t\t\t\t<p><span style=\"font-weight: 400;\">H\u00e4melingerstr. 22<\/span><span style=\"font-weight: 400;\"><br \/><\/span><span style=\"font-weight: 400;\">32052 Herford<\/span><\/p><p><span style=\"font-weight: 400;\">Behindertengerechter Eingang<\/span><\/p><p><span style=\"font-weight: 400;\">Tel.\u00a0<\/span>05223-651318<span style=\"font-weight: 400;\"><br \/><\/span><span style=\"font-weight: 400;\">Mobil <\/span> <span style=\"font-weight: 400;\">0160-4029144<\/span><\/p><p><span style=\"font-weight: 400;\">Mail:<\/span> <span style=\"font-weight: 400;\">info@gesundvespern.com<\/span><span style=\"font-weight: 400;\"><br \/><\/span><span style=\"font-weight: 400;\">Fax:\u00a0<\/span> 05223-6588809<\/p>\t\t\t\t\t\t\t\t<\/div>\n\t\t\t\t<div class=\"elementor-element elementor-element-e7dbc53 elementor-view-default elementor-widget elementor-widget-icon\" data-id=\"e7dbc53\" data-element_type=\"widget\" data-e-type=\"widget\" data-widget_type=\"icon.default\">\n\t\t\t\t\t\t\t<div class=\"elementor-icon-wrapper\">\n\t\t\t<a class=\"elementor-icon\" href=\"https:\/\/www.instagram.com\/vespernutrition\/\" target=\"_blank\">\n\t\t\t<svg aria-hidden=\"true\" class=\"e-font-icon-svg e-fab-instagram\" viewBox=\"0 0 448 512\" xmlns=\"http:\/\/www.w3.org\/2000\/svg\"><path d=\"M224.1 141c-63.6 0-114.9 51.3-114.9 114.9s51.3 114.9 114.9 114.9S339 319.5 339 255.9 287.7 141 224.1 141zm0 189.6c-41.1 0-74.7-33.5-74.7-74.7s33.5-74.7 74.7-74.7 74.7 33.5 74.7 74.7-33.6 74.7-74.7 74.7zm146.4-194.3c0 14.9-12 26.8-26.8 26.8-14.9 0-26.8-12-26.8-26.8s12-26.8 26.8-26.8 26.8 12 26.8 26.8zm76.1 27.2c-1.7-35.9-9.9-67.7-36.2-93.9-26.2-26.2-58-34.4-93.9-36.2-37-2.1-147.9-2.1-184.9 0-35.8 1.7-67.6 9.9-93.9 36.1s-34.4 58-36.2 93.9c-2.1 37-2.1 147.9 0 184.9 1.7 35.9 9.9 67.7 36.2 93.9s58 34.4 93.9 36.2c37 2.1 147.9 2.1 184.9 0 35.9-1.7 67.7-9.9 93.9-36.2 26.2-26.2 34.4-58 36.2-93.9 2.1-37 2.1-147.8 0-184.8zM398.8 388c-7.8 19.6-22.9 34.7-42.6 42.6-29.5 11.7-99.5 9-132.1 9s-102.7 2.6-132.1-9c-19.6-7.8-34.7-22.9-42.6-42.6-11.7-29.5-9-99.5-9-132.1s-2.6-102.7 9-132.1c7.8-19.6 22.9-34.7 42.6-42.6 29.5-11.7 99.5-9 132.1-9s102.7-2.6 132.1 9c19.6 7.8 34.7 22.9 42.6 42.6 11.7 29.5 9 99.5 9 132.1s2.7 102.7-9 132.1z\"><\/path><\/svg>\t\t\t<\/a>\n\t\t<\/div>\n\t\t\t\t\t\t<\/div>\n\t\t\t\t<\/div>\n\t\t\t\t\t<\/div>\n\t\t\t\t<\/div>\n\t\t<div class=\"elementor-element elementor-element-8bd41a4 e-flex e-con-boxed e-con e-parent\" data-id=\"8bd41a4\" data-element_type=\"container\" data-e-type=\"container\" data-settings=\"{&quot;background_background&quot;:&quot;classic&quot;}\">\n\t\t\t\t\t<div class=\"e-con-inner\">\n\t\t\t\t<div class=\"elementor-element elementor-element-dae1a9f elementor-widget elementor-widget-spacer\" data-id=\"dae1a9f\" data-element_type=\"widget\" data-e-type=\"widget\" data-widget_type=\"spacer.default\">\n\t\t\t\t\t\t\t<div class=\"elementor-spacer\">\n\t\t\t<div class=\"elementor-spacer-inner\"><\/div>\n\t\t<\/div>\n\t\t\t\t\t\t<\/div>\n\t\t\t\t<div class=\"elementor-element elementor-element-b57eb2c elementor-widget elementor-widget-text-editor\" data-id=\"b57eb2c\" data-element_type=\"widget\" data-e-type=\"widget\" data-widget_type=\"text-editor.default\">\n\t\t\t\t\t\t\t\t\t<p><a href=\"https:\/\/gesundvespern.com\/?page_id=91\">Impressum<\/a> | <a href=\"https:\/\/gesundvespern.com\/?page_id=96\">Datenschutz<\/a> | <a href=\"https:\/\/gesundvespern.com\/?page_id=96\">Cookie-Richtlinie<\/a> | <a href=\"https:\/\/gesundvespern.com\/?page_id=80\">Kontakt<\/a><\/p><p><b>\u00a9 <\/b>Copyright 2026 gesundvespern.com<\/p>\t\t\t\t\t\t\t\t<\/div>\n\t\t\t\t\t<\/div>\n\t\t\t\t<\/div>\n\t\t\t\t<\/div>\n\t\t","protected":false},"excerpt":{"rendered":"<p>Meine Leistungen Einzelberatung \/ &#8211; coaching Gesunde und genussvolle Gewichtsreduktion Onlineberatung Hausbesuche \/ Mobile Beratung Einkaufstraining K\u00fchlschrank-Check, Vorratscheck Kochseminare vor Ort und online Vortr\u00e4ge auf Anfrage in bestimmten Vereinen, Betrieben, Gruppen Pr\u00e4ventionskurse auf Anfrage mit Krankenkassenzuschuss Betriebliche Gesundheitsf\u00f6rderung Beratung und Durchf\u00fchrung von gesundheitsf\u00f6rdernden Ma\u00dfnahmen in Betrieben Preise Die Einzeltherapie wird von den gesetzlichen Krankenkassen nennenswert [&hellip;]<\/p>\n","protected":false},"author":1,"featured_media":0,"parent":0,"menu_order":0,"comment_status":"closed","ping_status":"closed","template":"","meta":{"iawp_total_views":16,"footnotes":""},"class_list":["post-177","page","type-page","status-publish","hentry"],"_links":{"self":[{"href":"https:\/\/gesundvespern.com\/index.php?rest_route=\/wp\/v2\/pages\/177","targetHints":{"allow":["GET"]}}],"collection":[{"href":"https:\/\/gesundvespern.com\/index.php?rest_route=\/wp\/v2\/pages"}],"about":[{"href":"https:\/\/gesundvespern.com\/index.php?rest_route=\/wp\/v2\/types\/page"}],"author":[{"embeddable":true,"href":"https:\/\/gesundvespern.com\/index.php?rest_route=\/wp\/v2\/users\/1"}],"replies":[{"embeddable":true,"href":"https:\/\/gesundvespern.com\/index.php?rest_route=%2Fwp%2Fv2%2Fcomments&post=177"}],"version-history":[{"count":16,"href":"https:\/\/gesundvespern.com\/index.php?rest_route=\/wp\/v2\/pages\/177\/revisions"}],"predecessor-version":[{"id":405,"href":"https:\/\/gesundvespern.com\/index.php?rest_route=\/wp\/v2\/pages\/177\/revisions\/405"}],"wp:attachment":[{"href":"https:\/\/gesundvespern.com\/index.php?rest_route=%2Fwp%2Fv2%2Fmedia&parent=177"}],"curies":[{"name":"wp","href":"https:\/\/api.w.org\/{rel}","templated":true}]}}