{"id":188,"date":"2026-01-21T11:40:00","date_gmt":"2026-01-21T10:40:00","guid":{"rendered":"https:\/\/gesundvespern.com\/?page_id=188"},"modified":"2026-03-11T11:04:14","modified_gmt":"2026-03-11T10:04:14","slug":"profil","status":"publish","type":"page","link":"https:\/\/gesundvespern.com\/?page_id=188","title":{"rendered":"Profil"},"content":{"rendered":"\t\t<div data-elementor-type=\"wp-page\" data-elementor-id=\"188\" class=\"elementor elementor-188\">\n\t\t\t\t<div class=\"elementor-element elementor-element-ba75e38 e-flex e-con-boxed e-con e-parent\" data-id=\"ba75e38\" data-element_type=\"container\" data-e-type=\"container\" data-settings=\"{&quot;background_background&quot;:&quot;classic&quot;}\">\n\t\t\t\t\t<div class=\"e-con-inner\">\n\t\t<div class=\"elementor-element elementor-element-b05aaea e-con-full e-flex e-con e-child\" data-id=\"b05aaea\" data-element_type=\"container\" data-e-type=\"container\">\n\t\t\t\t<div class=\"elementor-element elementor-element-cd5e3d8 elementor-widget elementor-widget-image\" data-id=\"cd5e3d8\" data-element_type=\"widget\" data-e-type=\"widget\" data-widget_type=\"image.default\">\n\t\t\t\t\t\t\t\t\t\t\t\t\t\t\t<img fetchpriority=\"high\" decoding=\"async\" width=\"500\" height=\"250\" src=\"https:\/\/gesundvespern.com\/wp-content\/uploads\/2026\/01\/kirsten-vesper-logo.png\" class=\"attachment-large size-large wp-image-37\" alt=\"\" srcset=\"https:\/\/gesundvespern.com\/wp-content\/uploads\/2026\/01\/kirsten-vesper-logo.png 500w, https:\/\/gesundvespern.com\/wp-content\/uploads\/2026\/01\/kirsten-vesper-logo-300x150.png 300w\" sizes=\"(max-width: 500px) 100vw, 500px\" \/>\t\t\t\t\t\t\t\t\t\t\t\t\t\t\t<\/div>\n\t\t\t\t<\/div>\n\t\t\t\t\t<\/div>\n\t\t\t\t<\/div>\n\t\t<div class=\"elementor-element elementor-element-1dda859 e-flex e-con-boxed e-con e-parent\" data-id=\"1dda859\" data-element_type=\"container\" data-e-type=\"container\" data-settings=\"{&quot;background_background&quot;:&quot;classic&quot;}\">\n\t\t\t\t\t<div class=\"e-con-inner\">\n\t\t<div class=\"elementor-element elementor-element-ae3c7f5 e-flex e-con-boxed e-con e-child\" data-id=\"ae3c7f5\" data-element_type=\"container\" data-e-type=\"container\">\n\t\t\t\t\t<div class=\"e-con-inner\">\n\t\t\t\t<div class=\"elementor-element elementor-element-41ae81e elementor-widget elementor-widget-spacer\" data-id=\"41ae81e\" data-element_type=\"widget\" data-e-type=\"widget\" data-widget_type=\"spacer.default\">\n\t\t\t\t\t\t\t<div class=\"elementor-spacer\">\n\t\t\t<div class=\"elementor-spacer-inner\"><\/div>\n\t\t<\/div>\n\t\t\t\t\t\t<\/div>\n\t\t\t\t<div class=\"elementor-element elementor-element-048f6dd elementor-widget elementor-widget-heading\" data-id=\"048f6dd\" data-element_type=\"widget\" data-e-type=\"widget\" data-widget_type=\"heading.default\">\n\t\t\t\t\t<h2 class=\"elementor-heading-title elementor-size-default\">Zu meiner Person<\/h2>\t\t\t\t<\/div>\n\t\t\t\t<div class=\"elementor-element elementor-element-810d0d8 elementor-widget-divider--view-line elementor-widget elementor-widget-divider\" data-id=\"810d0d8\" data-element_type=\"widget\" data-e-type=\"widget\" data-widget_type=\"divider.default\">\n\t\t\t\t\t\t\t<div class=\"elementor-divider\">\n\t\t\t<span class=\"elementor-divider-separator\">\n\t\t\t\t\t\t<\/span>\n\t\t<\/div>\n\t\t\t\t\t\t<\/div>\n\t\t<div class=\"elementor-element elementor-element-9d9e7c6 e-grid e-con-boxed e-con e-child\" data-id=\"9d9e7c6\" data-element_type=\"container\" data-e-type=\"container\">\n\t\t\t\t\t<div class=\"e-con-inner\">\n\t\t\t\t<div class=\"elementor-element elementor-element-0133b96 elementor-widget elementor-widget-image\" data-id=\"0133b96\" data-element_type=\"widget\" data-e-type=\"widget\" data-widget_type=\"image.default\">\n\t\t\t\t\t\t\t\t\t\t\t\t\t\t\t<img decoding=\"async\" width=\"540\" height=\"540\" src=\"https:\/\/gesundvespern.com\/wp-content\/uploads\/2026\/02\/asd.png\" class=\"attachment-large size-large wp-image-385\" alt=\"\" srcset=\"https:\/\/gesundvespern.com\/wp-content\/uploads\/2026\/02\/asd.png 540w, https:\/\/gesundvespern.com\/wp-content\/uploads\/2026\/02\/asd-300x300.png 300w, https:\/\/gesundvespern.com\/wp-content\/uploads\/2026\/02\/asd-150x150.png 150w\" sizes=\"(max-width: 540px) 100vw, 540px\" \/>\t\t\t\t\t\t\t\t\t\t\t\t\t\t\t<\/div>\n\t\t<div class=\"elementor-element elementor-element-3c7a934 e-con-full e-flex e-con e-child\" data-id=\"3c7a934\" data-element_type=\"container\" data-e-type=\"container\">\n\t\t\t\t<div class=\"elementor-element elementor-element-a9ad49c elementor-widget elementor-widget-text-editor\" data-id=\"a9ad49c\" data-element_type=\"widget\" data-e-type=\"widget\" data-widget_type=\"text-editor.default\">\n\t\t\t\t\t\t\t\t\t<p><span style=\"font-weight: 400;\">Diplom-Oecotrophologin<br \/>Hypnose-Coach<br \/>Diplom-Betriebswirtin<\/span><\/p>\t\t\t\t\t\t\t\t<\/div>\n\t\t\t\t<div class=\"elementor-element elementor-element-7d687d7 elementor-widget-divider--view-line elementor-widget elementor-widget-divider\" data-id=\"7d687d7\" data-element_type=\"widget\" data-e-type=\"widget\" data-widget_type=\"divider.default\">\n\t\t\t\t\t\t\t<div class=\"elementor-divider\">\n\t\t\t<span class=\"elementor-divider-separator\">\n\t\t\t\t\t\t<\/span>\n\t\t<\/div>\n\t\t\t\t\t\t<\/div>\n\t\t\t\t<div class=\"elementor-element elementor-element-4eaa88f elementor-icon-list--layout-traditional elementor-list-item-link-full_width elementor-widget elementor-widget-icon-list\" data-id=\"4eaa88f\" data-element_type=\"widget\" data-e-type=\"widget\" data-widget_type=\"icon-list.default\">\n\t\t\t\t\t\t\t<ul class=\"elementor-icon-list-items\">\n\t\t\t\t\t\t\t<li class=\"elementor-icon-list-item\">\n\t\t\t\t\t\t\t\t\t\t\t<span class=\"elementor-icon-list-icon\">\n\t\t\t\t\t\t\t<svg aria-hidden=\"true\" class=\"e-font-icon-svg e-fas-apple-alt\" viewBox=\"0 0 448 512\" xmlns=\"http:\/\/www.w3.org\/2000\/svg\"><path d=\"M350.85 129c25.97 4.67 47.27 18.67 63.92 42 14.65 20.67 24.64 46.67 29.96 78 4.67 28.67 4.32 57.33-1 86-7.99 47.33-23.97 87-47.94 119-28.64 38.67-64.59 58-107.87 58-10.66 0-22.3-3.33-34.96-10-8.66-5.33-18.31-8-28.97-8s-20.3 2.67-28.97 8c-12.66 6.67-24.3 10-34.96 10-43.28 0-79.23-19.33-107.87-58-23.97-32-39.95-71.67-47.94-119-5.32-28.67-5.67-57.33-1-86 5.32-31.33 15.31-57.33 29.96-78 16.65-23.33 37.95-37.33 63.92-42 15.98-2.67 37.95-.33 65.92 7 23.97 6.67 44.28 14.67 60.93 24 16.65-9.33 36.96-17.33 60.93-24 27.98-7.33 49.96-9.67 65.94-7zm-54.94-41c-9.32 8.67-21.65 15-36.96 19-10.66 3.33-22.3 5-34.96 5l-14.98-1c-1.33-9.33-1.33-20 0-32 2.67-24 10.32-42.33 22.97-55 9.32-8.67 21.65-15 36.96-19 10.66-3.33 22.3-5 34.96-5l14.98 1 1 15c0 12.67-1.67 24.33-4.99 35-3.99 15.33-10.31 27.67-18.98 37z\"><\/path><\/svg>\t\t\t\t\t\t<\/span>\n\t\t\t\t\t\t\t\t\t\t<span class=\"elementor-icon-list-text\">Studium Ern\u00e4hrungswissenschaften und BWL, Fachhochschule Niederrhein<\/span>\n\t\t\t\t\t\t\t\t\t<\/li>\n\t\t\t\t\t\t\t\t<li class=\"elementor-icon-list-item\">\n\t\t\t\t\t\t\t\t\t\t\t<span class=\"elementor-icon-list-icon\">\n\t\t\t\t\t\t\t<svg aria-hidden=\"true\" class=\"e-font-icon-svg e-fas-apple-alt\" viewBox=\"0 0 448 512\" xmlns=\"http:\/\/www.w3.org\/2000\/svg\"><path d=\"M350.85 129c25.97 4.67 47.27 18.67 63.92 42 14.65 20.67 24.64 46.67 29.96 78 4.67 28.67 4.32 57.33-1 86-7.99 47.33-23.97 87-47.94 119-28.64 38.67-64.59 58-107.87 58-10.66 0-22.3-3.33-34.96-10-8.66-5.33-18.31-8-28.97-8s-20.3 2.67-28.97 8c-12.66 6.67-24.3 10-34.96 10-43.28 0-79.23-19.33-107.87-58-23.97-32-39.95-71.67-47.94-119-5.32-28.67-5.67-57.33-1-86 5.32-31.33 15.31-57.33 29.96-78 16.65-23.33 37.95-37.33 63.92-42 15.98-2.67 37.95-.33 65.92 7 23.97 6.67 44.28 14.67 60.93 24 16.65-9.33 36.96-17.33 60.93-24 27.98-7.33 49.96-9.67 65.94-7zm-54.94-41c-9.32 8.67-21.65 15-36.96 19-10.66 3.33-22.3 5-34.96 5l-14.98-1c-1.33-9.33-1.33-20 0-32 2.67-24 10.32-42.33 22.97-55 9.32-8.67 21.65-15 36.96-19 10.66-3.33 22.3-5 34.96-5l14.98 1 1 15c0 12.67-1.67 24.33-4.99 35-3.99 15.33-10.31 27.67-18.98 37z\"><\/path><\/svg>\t\t\t\t\t\t<\/span>\n\t\t\t\t\t\t\t\t\t\t<span class=\"elementor-icon-list-text\">Fortbildung \u201eGanzheitliche Ern\u00e4hrungsberaterin\u201c<\/span>\n\t\t\t\t\t\t\t\t\t<\/li>\n\t\t\t\t\t\t\t\t<li class=\"elementor-icon-list-item\">\n\t\t\t\t\t\t\t\t\t\t\t<span class=\"elementor-icon-list-icon\">\n\t\t\t\t\t\t\t<svg aria-hidden=\"true\" class=\"e-font-icon-svg e-fas-apple-alt\" viewBox=\"0 0 448 512\" xmlns=\"http:\/\/www.w3.org\/2000\/svg\"><path d=\"M350.85 129c25.97 4.67 47.27 18.67 63.92 42 14.65 20.67 24.64 46.67 29.96 78 4.67 28.67 4.32 57.33-1 86-7.99 47.33-23.97 87-47.94 119-28.64 38.67-64.59 58-107.87 58-10.66 0-22.3-3.33-34.96-10-8.66-5.33-18.31-8-28.97-8s-20.3 2.67-28.97 8c-12.66 6.67-24.3 10-34.96 10-43.28 0-79.23-19.33-107.87-58-23.97-32-39.95-71.67-47.94-119-5.32-28.67-5.67-57.33-1-86 5.32-31.33 15.31-57.33 29.96-78 16.65-23.33 37.95-37.33 63.92-42 15.98-2.67 37.95-.33 65.92 7 23.97 6.67 44.28 14.67 60.93 24 16.65-9.33 36.96-17.33 60.93-24 27.98-7.33 49.96-9.67 65.94-7zm-54.94-41c-9.32 8.67-21.65 15-36.96 19-10.66 3.33-22.3 5-34.96 5l-14.98-1c-1.33-9.33-1.33-20 0-32 2.67-24 10.32-42.33 22.97-55 9.32-8.67 21.65-15 36.96-19 10.66-3.33 22.3-5 34.96-5l14.98 1 1 15c0 12.67-1.67 24.33-4.99 35-3.99 15.33-10.31 27.67-18.98 37z\"><\/path><\/svg>\t\t\t\t\t\t<\/span>\n\t\t\t\t\t\t\t\t\t\t<span class=\"elementor-icon-list-text\">Zertifizierung fortlaufend Verband der Oecotropholen VDOe<\/span>\n\t\t\t\t\t\t\t\t\t<\/li>\n\t\t\t\t\t\t\t\t<li class=\"elementor-icon-list-item\">\n\t\t\t\t\t\t\t\t\t\t\t<span class=\"elementor-icon-list-icon\">\n\t\t\t\t\t\t\t<svg aria-hidden=\"true\" class=\"e-font-icon-svg e-fas-apple-alt\" viewBox=\"0 0 448 512\" xmlns=\"http:\/\/www.w3.org\/2000\/svg\"><path d=\"M350.85 129c25.97 4.67 47.27 18.67 63.92 42 14.65 20.67 24.64 46.67 29.96 78 4.67 28.67 4.32 57.33-1 86-7.99 47.33-23.97 87-47.94 119-28.64 38.67-64.59 58-107.87 58-10.66 0-22.3-3.33-34.96-10-8.66-5.33-18.31-8-28.97-8s-20.3 2.67-28.97 8c-12.66 6.67-24.3 10-34.96 10-43.28 0-79.23-19.33-107.87-58-23.97-32-39.95-71.67-47.94-119-5.32-28.67-5.67-57.33-1-86 5.32-31.33 15.31-57.33 29.96-78 16.65-23.33 37.95-37.33 63.92-42 15.98-2.67 37.95-.33 65.92 7 23.97 6.67 44.28 14.67 60.93 24 16.65-9.33 36.96-17.33 60.93-24 27.98-7.33 49.96-9.67 65.94-7zm-54.94-41c-9.32 8.67-21.65 15-36.96 19-10.66 3.33-22.3 5-34.96 5l-14.98-1c-1.33-9.33-1.33-20 0-32 2.67-24 10.32-42.33 22.97-55 9.32-8.67 21.65-15 36.96-19 10.66-3.33 22.3-5 34.96-5l14.98 1 1 15c0 12.67-1.67 24.33-4.99 35-3.99 15.33-10.31 27.67-18.98 37z\"><\/path><\/svg>\t\t\t\t\t\t<\/span>\n\t\t\t\t\t\t\t\t\t\t<span class=\"elementor-icon-list-text\">Ausbildung zum Hypnose-Coach<\/span>\n\t\t\t\t\t\t\t\t\t<\/li>\n\t\t\t\t\t\t<\/ul>\n\t\t\t\t\t\t<\/div>\n\t\t\t\t<\/div>\n\t\t\t\t\t<\/div>\n\t\t\t\t<\/div>\n\t\t<div class=\"elementor-element elementor-element-261aa0d e-con-full e-flex e-con e-child\" data-id=\"261aa0d\" data-element_type=\"container\" data-e-type=\"container\">\n\t\t\t\t<div class=\"elementor-element elementor-element-896293d elementor-widget-divider--view-line elementor-widget elementor-widget-divider\" data-id=\"896293d\" data-element_type=\"widget\" data-e-type=\"widget\" data-widget_type=\"divider.default\">\n\t\t\t\t\t\t\t<div class=\"elementor-divider\">\n\t\t\t<span class=\"elementor-divider-separator\">\n\t\t\t\t\t\t<\/span>\n\t\t<\/div>\n\t\t\t\t\t\t<\/div>\n\t\t<div class=\"elementor-element elementor-element-f8bf9d2 e-grid e-con-full e-con e-child\" data-id=\"f8bf9d2\" data-element_type=\"container\" data-e-type=\"container\">\n\t\t\t\t<div class=\"elementor-element elementor-element-3790d44 elementor-widget elementor-widget-image\" data-id=\"3790d44\" data-element_type=\"widget\" data-e-type=\"widget\" data-widget_type=\"image.default\">\n\t\t\t\t\t\t\t\t\t\t\t\t\t\t\t<img decoding=\"async\" width=\"130\" height=\"103\" src=\"https:\/\/gesundvespern.com\/wp-content\/uploads\/2026\/01\/z1.png\" class=\"attachment-large size-large wp-image-256\" alt=\"\" \/>\t\t\t\t\t\t\t\t\t\t\t\t\t\t\t<\/div>\n\t\t\t\t<div class=\"elementor-element elementor-element-40339a3 elementor-widget elementor-widget-image\" data-id=\"40339a3\" data-element_type=\"widget\" data-e-type=\"widget\" data-widget_type=\"image.default\">\n\t\t\t\t\t\t\t\t\t\t\t\t\t\t\t<img loading=\"lazy\" decoding=\"async\" width=\"383\" height=\"87\" src=\"https:\/\/gesundvespern.com\/wp-content\/uploads\/2026\/01\/z2.png\" class=\"attachment-large size-large wp-image-255\" alt=\"\" srcset=\"https:\/\/gesundvespern.com\/wp-content\/uploads\/2026\/01\/z2.png 383w, https:\/\/gesundvespern.com\/wp-content\/uploads\/2026\/01\/z2-300x68.png 300w\" sizes=\"(max-width: 383px) 100vw, 383px\" \/>\t\t\t\t\t\t\t\t\t\t\t\t\t\t\t<\/div>\n\t\t\t\t<\/div>\n\t\t\t\t<div class=\"elementor-element elementor-element-4391087 elementor-widget-divider--view-line elementor-widget elementor-widget-divider\" data-id=\"4391087\" data-element_type=\"widget\" data-e-type=\"widget\" data-widget_type=\"divider.default\">\n\t\t\t\t\t\t\t<div class=\"elementor-divider\">\n\t\t\t<span class=\"elementor-divider-separator\">\n\t\t\t\t\t\t<\/span>\n\t\t<\/div>\n\t\t\t\t\t\t<\/div>\n\t\t\t\t<div class=\"elementor-element elementor-element-5b16c1d elementor-widget elementor-widget-text-editor\" data-id=\"5b16c1d\" data-element_type=\"widget\" data-e-type=\"widget\" data-widget_type=\"text-editor.default\">\n\t\t\t\t\t\t\t\t\t<p>Bei Fragen k\u00f6nnen Sie mich nat\u00fcrlich gerne telefonisch oder per Email erreichen.<\/p>\n<p><\/p>\n<p>Ich freue mich auf Sie!<\/p>\t\t\t\t\t\t\t\t<\/div>\n\t\t\t\t<div class=\"elementor-element elementor-element-6d3796e elementor-widget elementor-widget-heading\" data-id=\"6d3796e\" data-element_type=\"widget\" data-e-type=\"widget\" data-widget_type=\"heading.default\">\n\t\t\t\t\t<h2 class=\"elementor-heading-title elementor-size-default\">Ihre Kirsten Vesper<\/h2>\t\t\t\t<\/div>\n\t\t\t\t<div class=\"elementor-element elementor-element-ff213d9 elementor-widget elementor-widget-spacer\" data-id=\"ff213d9\" data-element_type=\"widget\" data-e-type=\"widget\" data-widget_type=\"spacer.default\">\n\t\t\t\t\t\t\t<div class=\"elementor-spacer\">\n\t\t\t<div class=\"elementor-spacer-inner\"><\/div>\n\t\t<\/div>\n\t\t\t\t\t\t<\/div>\n\t\t\t\t<\/div>\n\t\t\t\t\t<\/div>\n\t\t\t\t<\/div>\n\t\t<div class=\"elementor-element elementor-element-8b27f43 e-con-full e-flex e-con e-child\" data-id=\"8b27f43\" data-element_type=\"container\" data-e-type=\"container\">\n\t\t\t\t<div class=\"elementor-element elementor-element-22c58aa elementor-widget elementor-widget-text-editor\" data-id=\"22c58aa\" data-element_type=\"widget\" data-e-type=\"widget\" data-widget_type=\"text-editor.default\">\n\t\t\t\t\t\t\t\t\t<p>Praxis f\u00fcr Ern\u00e4hrungstherapie<br \/>Kirsten Vesper<\/p>\t\t\t\t\t\t\t\t<\/div>\n\t\t\t\t<div class=\"elementor-element elementor-element-51fc6df elementor-widget elementor-widget-heading\" data-id=\"51fc6df\" data-element_type=\"widget\" data-e-type=\"widget\" data-widget_type=\"heading.default\">\n\t\t\t\t\t<h2 class=\"elementor-heading-title elementor-size-default\">Gesund Vespern<\/h2>\t\t\t\t<\/div>\n\t\t\t\t<div class=\"elementor-element elementor-element-3efa989 elementor-widget elementor-widget-image\" data-id=\"3efa989\" data-element_type=\"widget\" data-e-type=\"widget\" data-widget_type=\"image.default\">\n\t\t\t\t\t\t\t\t\t\t\t\t\t\t\t<img loading=\"lazy\" decoding=\"async\" width=\"185\" height=\"170\" src=\"https:\/\/gesundvespern.com\/wp-content\/uploads\/2026\/01\/apfel-ernaehrung.png\" class=\"attachment-large size-large wp-image-233\" alt=\"\" \/>\t\t\t\t\t\t\t\t\t\t\t\t\t\t\t<\/div>\n\t\t\t\t<div class=\"elementor-element elementor-element-95dee9f elementor-widget elementor-widget-text-editor\" data-id=\"95dee9f\" data-element_type=\"widget\" data-e-type=\"widget\" data-widget_type=\"text-editor.default\">\n\t\t\t\t\t\t\t\t\t<p><span style=\"font-weight: 400;\">H\u00e4melingerstr. 22<\/span><span style=\"font-weight: 400;\"><br \/><\/span><span style=\"font-weight: 400;\">32052 Herford<\/span><\/p><p><span style=\"font-weight: 400;\">Behindertengerechter Eingang<\/span><\/p><p><span style=\"font-weight: 400;\">Tel.\u00a0<\/span>05223-651318<span style=\"font-weight: 400;\"><br \/><\/span><span style=\"font-weight: 400;\">Mobil <\/span> <span style=\"font-weight: 400;\">0160-4029144<\/span><\/p><p><span style=\"font-weight: 400;\">Mail:<\/span> <span style=\"font-weight: 400;\">info@gesundvespern.com<\/span><span style=\"font-weight: 400;\"><br \/><\/span><span style=\"font-weight: 400;\">Fax:\u00a0<\/span> 05223-6588809<\/p>\t\t\t\t\t\t\t\t<\/div>\n\t\t\t\t<div class=\"elementor-element elementor-element-dc8ba2e elementor-view-default elementor-widget elementor-widget-icon\" data-id=\"dc8ba2e\" data-element_type=\"widget\" data-e-type=\"widget\" data-widget_type=\"icon.default\">\n\t\t\t\t\t\t\t<div class=\"elementor-icon-wrapper\">\n\t\t\t<a class=\"elementor-icon\" href=\"https:\/\/www.instagram.com\/vespernutrition\/\" target=\"_blank\">\n\t\t\t<svg aria-hidden=\"true\" class=\"e-font-icon-svg e-fab-instagram\" viewBox=\"0 0 448 512\" xmlns=\"http:\/\/www.w3.org\/2000\/svg\"><path d=\"M224.1 141c-63.6 0-114.9 51.3-114.9 114.9s51.3 114.9 114.9 114.9S339 319.5 339 255.9 287.7 141 224.1 141zm0 189.6c-41.1 0-74.7-33.5-74.7-74.7s33.5-74.7 74.7-74.7 74.7 33.5 74.7 74.7-33.6 74.7-74.7 74.7zm146.4-194.3c0 14.9-12 26.8-26.8 26.8-14.9 0-26.8-12-26.8-26.8s12-26.8 26.8-26.8 26.8 12 26.8 26.8zm76.1 27.2c-1.7-35.9-9.9-67.7-36.2-93.9-26.2-26.2-58-34.4-93.9-36.2-37-2.1-147.9-2.1-184.9 0-35.8 1.7-67.6 9.9-93.9 36.1s-34.4 58-36.2 93.9c-2.1 37-2.1 147.9 0 184.9 1.7 35.9 9.9 67.7 36.2 93.9s58 34.4 93.9 36.2c37 2.1 147.9 2.1 184.9 0 35.9-1.7 67.7-9.9 93.9-36.2 26.2-26.2 34.4-58 36.2-93.9 2.1-37 2.1-147.8 0-184.8zM398.8 388c-7.8 19.6-22.9 34.7-42.6 42.6-29.5 11.7-99.5 9-132.1 9s-102.7 2.6-132.1-9c-19.6-7.8-34.7-22.9-42.6-42.6-11.7-29.5-9-99.5-9-132.1s-2.6-102.7 9-132.1c7.8-19.6 22.9-34.7 42.6-42.6 29.5-11.7 99.5-9 132.1-9s102.7-2.6 132.1 9c19.6 7.8 34.7 22.9 42.6 42.6 11.7 29.5 9 99.5 9 132.1s2.7 102.7-9 132.1z\"><\/path><\/svg>\t\t\t<\/a>\n\t\t<\/div>\n\t\t\t\t\t\t<\/div>\n\t\t\t\t<\/div>\n\t\t\t\t\t<\/div>\n\t\t\t\t<\/div>\n\t\t<div class=\"elementor-element elementor-element-4332c59 e-flex e-con-boxed e-con e-parent\" data-id=\"4332c59\" data-element_type=\"container\" data-e-type=\"container\" data-settings=\"{&quot;background_background&quot;:&quot;classic&quot;}\">\n\t\t\t\t\t<div class=\"e-con-inner\">\n\t\t\t\t<div class=\"elementor-element elementor-element-f55797b elementor-widget elementor-widget-spacer\" data-id=\"f55797b\" data-element_type=\"widget\" data-e-type=\"widget\" data-widget_type=\"spacer.default\">\n\t\t\t\t\t\t\t<div class=\"elementor-spacer\">\n\t\t\t<div class=\"elementor-spacer-inner\"><\/div>\n\t\t<\/div>\n\t\t\t\t\t\t<\/div>\n\t\t\t\t<div class=\"elementor-element elementor-element-69410b6 elementor-widget elementor-widget-text-editor\" data-id=\"69410b6\" data-element_type=\"widget\" data-e-type=\"widget\" data-widget_type=\"text-editor.default\">\n\t\t\t\t\t\t\t\t\t<p><a href=\"https:\/\/gesundvespern.com\/?page_id=91\">Impressum<\/a> | <a href=\"https:\/\/gesundvespern.com\/?page_id=96\">Datenschutz<\/a> | <a href=\"https:\/\/gesundvespern.com\/?page_id=96\">Cookie-Richtlinie<\/a> | <a href=\"https:\/\/gesundvespern.com\/?page_id=80\">Kontakt<\/a><\/p><p><b>\u00a9 <\/b>Copyright 2026 gesundvespern.com<\/p>\t\t\t\t\t\t\t\t<\/div>\n\t\t\t\t\t<\/div>\n\t\t\t\t<\/div>\n\t\t\t\t<\/div>\n\t\t","protected":false},"excerpt":{"rendered":"<p>Zu meiner Person Diplom-OecotrophologinHypnose-CoachDiplom-Betriebswirtin Studium Ern\u00e4hrungswissenschaften und BWL, Fachhochschule Niederrhein Fortbildung \u201eGanzheitliche Ern\u00e4hrungsberaterin\u201c Zertifizierung fortlaufend Verband der Oecotropholen VDOe Ausbildung zum Hypnose-Coach Bei Fragen k\u00f6nnen Sie mich nat\u00fcrlich gerne telefonisch oder per Email erreichen. Ich freue mich auf Sie! Ihre Kirsten Vesper Praxis f\u00fcr Ern\u00e4hrungstherapieKirsten Vesper Gesund Vespern H\u00e4melingerstr. 2232052 Herford Behindertengerechter Eingang Tel.\u00a005223-651318Mobil 0160-4029144 [&hellip;]<\/p>\n","protected":false},"author":1,"featured_media":0,"parent":0,"menu_order":0,"comment_status":"closed","ping_status":"closed","template":"","meta":{"iawp_total_views":17,"footnotes":""},"class_list":["post-188","page","type-page","status-publish","hentry"],"_links":{"self":[{"href":"https:\/\/gesundvespern.com\/index.php?rest_route=\/wp\/v2\/pages\/188","targetHints":{"allow":["GET"]}}],"collection":[{"href":"https:\/\/gesundvespern.com\/index.php?rest_route=\/wp\/v2\/pages"}],"about":[{"href":"https:\/\/gesundvespern.com\/index.php?rest_route=\/wp\/v2\/types\/page"}],"author":[{"embeddable":true,"href":"https:\/\/gesundvespern.com\/index.php?rest_route=\/wp\/v2\/users\/1"}],"replies":[{"embeddable":true,"href":"https:\/\/gesundvespern.com\/index.php?rest_route=%2Fwp%2Fv2%2Fcomments&post=188"}],"version-history":[{"count":37,"href":"https:\/\/gesundvespern.com\/index.php?rest_route=\/wp\/v2\/pages\/188\/revisions"}],"predecessor-version":[{"id":399,"href":"https:\/\/gesundvespern.com\/index.php?rest_route=\/wp\/v2\/pages\/188\/revisions\/399"}],"wp:attachment":[{"href":"https:\/\/gesundvespern.com\/index.php?rest_route=%2Fwp%2Fv2%2Fmedia&parent=188"}],"curies":[{"name":"wp","href":"https:\/\/api.w.org\/{rel}","templated":true}]}}