{"id":66,"date":"2026-01-15T11:20:25","date_gmt":"2026-01-15T10:20:25","guid":{"rendered":"https:\/\/gesundvespern.com\/?page_id=66"},"modified":"2026-03-11T11:04:37","modified_gmt":"2026-03-11T10:04:37","slug":"spezialgebiete","status":"publish","type":"page","link":"https:\/\/gesundvespern.com\/?page_id=66","title":{"rendered":"Spezialgebiete"},"content":{"rendered":"\t\t<div data-elementor-type=\"wp-page\" data-elementor-id=\"66\" class=\"elementor elementor-66\">\n\t\t\t\t<div class=\"elementor-element elementor-element-71ac519 e-flex e-con-boxed e-con e-parent\" data-id=\"71ac519\" data-element_type=\"container\" data-e-type=\"container\" data-settings=\"{&quot;background_background&quot;:&quot;classic&quot;}\">\n\t\t\t\t\t<div class=\"e-con-inner\">\n\t\t<div class=\"elementor-element elementor-element-a2e277c e-con-full e-flex e-con e-child\" data-id=\"a2e277c\" data-element_type=\"container\" data-e-type=\"container\">\n\t\t\t\t<div class=\"elementor-element elementor-element-d0658a0 elementor-widget elementor-widget-image\" data-id=\"d0658a0\" data-element_type=\"widget\" data-e-type=\"widget\" data-widget_type=\"image.default\">\n\t\t\t\t\t\t\t\t\t\t\t\t\t\t\t<img fetchpriority=\"high\" decoding=\"async\" width=\"500\" height=\"250\" src=\"https:\/\/gesundvespern.com\/wp-content\/uploads\/2026\/01\/kirsten-vesper-logo.png\" class=\"attachment-large size-large wp-image-37\" alt=\"\" srcset=\"https:\/\/gesundvespern.com\/wp-content\/uploads\/2026\/01\/kirsten-vesper-logo.png 500w, https:\/\/gesundvespern.com\/wp-content\/uploads\/2026\/01\/kirsten-vesper-logo-300x150.png 300w\" sizes=\"(max-width: 500px) 100vw, 500px\" \/>\t\t\t\t\t\t\t\t\t\t\t\t\t\t\t<\/div>\n\t\t\t\t<\/div>\n\t\t\t\t\t<\/div>\n\t\t\t\t<\/div>\n\t\t<div class=\"elementor-element elementor-element-a43ff79 e-flex e-con-boxed e-con e-parent\" data-id=\"a43ff79\" data-element_type=\"container\" data-e-type=\"container\" data-settings=\"{&quot;background_background&quot;:&quot;classic&quot;}\">\n\t\t\t\t\t<div class=\"e-con-inner\">\n\t\t<div class=\"elementor-element elementor-element-53573d2 e-flex e-con-boxed e-con e-child\" data-id=\"53573d2\" data-element_type=\"container\" data-e-type=\"container\" data-settings=\"{&quot;background_background&quot;:&quot;classic&quot;}\">\n\t\t\t\t\t<div class=\"e-con-inner\">\n\t\t\t\t<div class=\"elementor-element elementor-element-3daa48d elementor-widget elementor-widget-spacer\" data-id=\"3daa48d\" data-element_type=\"widget\" data-e-type=\"widget\" data-widget_type=\"spacer.default\">\n\t\t\t\t\t\t\t<div class=\"elementor-spacer\">\n\t\t\t<div class=\"elementor-spacer-inner\"><\/div>\n\t\t<\/div>\n\t\t\t\t\t\t<\/div>\n\t\t\t\t<div class=\"elementor-element elementor-element-970ff8c elementor-widget elementor-widget-heading\" data-id=\"970ff8c\" data-element_type=\"widget\" data-e-type=\"widget\" data-widget_type=\"heading.default\">\n\t\t\t\t\t<h2 class=\"elementor-heading-title elementor-size-default\">Meine Beratungsschwerpunkte<\/h2>\t\t\t\t<\/div>\n\t\t\t\t<div class=\"elementor-element elementor-element-5b7be93 elementor-widget-divider--view-line elementor-widget elementor-widget-divider\" data-id=\"5b7be93\" data-element_type=\"widget\" data-e-type=\"widget\" data-widget_type=\"divider.default\">\n\t\t\t\t\t\t\t<div class=\"elementor-divider\">\n\t\t\t<span class=\"elementor-divider-separator\">\n\t\t\t\t\t\t<\/span>\n\t\t<\/div>\n\t\t\t\t\t\t<\/div>\n\t\t\t\t<div class=\"elementor-element elementor-element-79c9b96 elementor-widget elementor-widget-text-editor\" data-id=\"79c9b96\" data-element_type=\"widget\" data-e-type=\"widget\" data-widget_type=\"text-editor.default\">\n\t\t\t\t\t\t\t\t\t<p><span style=\"font-weight: 400;\">Unvertr\u00e4glichkeiten\/Intoleranzen<\/span><\/p><p><span style=\"font-weight: 400;\">Lactoseintoleranz, Fructoseintoleranz, Sorbitintoleranz, <\/span><span style=\"font-weight: 400;\">Histaminintoleranz<\/span><\/p><p><span style=\"font-weight: 400;\">D\u00fcnndarmfehlbesiedlung<\/span><\/p><p><span style=\"font-weight: 400;\">Gastritis, Reflux<\/span><\/p><p><span style=\"font-weight: 400;\">Chronische entz\u00fcndliche Darmerkrankungen<\/span><\/p><p><span style=\"font-weight: 400;\">Colitis, Morbus Crohn<\/span><\/p><p><span style=\"font-weight: 400;\">\u00dcbergewicht, Adipositas<\/span><\/p><p><span style=\"font-weight: 400;\">Begleitung der Therapie mit sog. Abnehmspritzen<\/span><\/p><p><span style=\"font-weight: 400;\">Vor- und Nachsorge bei bariatrischen Operationen<\/span><\/p>\t\t\t\t\t\t\t\t<\/div>\n\t\t\t\t\t<\/div>\n\t\t\t\t<\/div>\n\t\t<div class=\"elementor-element elementor-element-8f9b25c e-con-full e-flex e-con e-child\" data-id=\"8f9b25c\" data-element_type=\"container\" data-e-type=\"container\">\n\t\t\t\t<div class=\"elementor-element elementor-element-0988497 elementor-widget elementor-widget-text-editor\" data-id=\"0988497\" data-element_type=\"widget\" data-e-type=\"widget\" data-widget_type=\"text-editor.default\">\n\t\t\t\t\t\t\t\t\t<p>Praxis f\u00fcr Ern\u00e4hrungstherapie<br \/>Kirsten Vesper<\/p>\t\t\t\t\t\t\t\t<\/div>\n\t\t\t\t<div class=\"elementor-element elementor-element-007e730 elementor-widget elementor-widget-heading\" data-id=\"007e730\" data-element_type=\"widget\" data-e-type=\"widget\" data-widget_type=\"heading.default\">\n\t\t\t\t\t<h2 class=\"elementor-heading-title elementor-size-default\">Gesund Vespern<\/h2>\t\t\t\t<\/div>\n\t\t\t\t<div class=\"elementor-element elementor-element-525f4ab elementor-widget elementor-widget-image\" data-id=\"525f4ab\" data-element_type=\"widget\" data-e-type=\"widget\" data-widget_type=\"image.default\">\n\t\t\t\t\t\t\t\t\t\t\t\t\t\t\t<img decoding=\"async\" width=\"185\" height=\"170\" src=\"https:\/\/gesundvespern.com\/wp-content\/uploads\/2026\/01\/apfel-ernaehrung.png\" class=\"attachment-large size-large wp-image-233\" alt=\"\" \/>\t\t\t\t\t\t\t\t\t\t\t\t\t\t\t<\/div>\n\t\t\t\t<div class=\"elementor-element elementor-element-17ad3e8 elementor-widget elementor-widget-text-editor\" data-id=\"17ad3e8\" data-element_type=\"widget\" data-e-type=\"widget\" data-widget_type=\"text-editor.default\">\n\t\t\t\t\t\t\t\t\t<p><span style=\"font-weight: 400;\">H\u00e4melingerstr. 22<\/span><span style=\"font-weight: 400;\"><br \/><\/span><span style=\"font-weight: 400;\">32052 Herford<\/span><\/p><p><span style=\"font-weight: 400;\">Behindertengerechter Eingang<\/span><\/p><p><span style=\"font-weight: 400;\">Tel. <\/span> <span style=\"font-weight: 400;\">05223-651318<\/span><span style=\"font-weight: 400;\"><br \/><\/span><span style=\"font-weight: 400;\">Mobil <\/span> <span style=\"font-weight: 400;\">0160-4029144<\/span><\/p><p><span style=\"font-weight: 400;\">Mail:<\/span> <span style=\"font-weight: 400;\">info@gesundvespern.com<\/span><span style=\"font-weight: 400;\"><br \/><\/span><span style=\"font-weight: 400;\">Fax:\u00a0<\/span> <span style=\"font-weight: 400;\">05223-6588809<\/span><\/p>\t\t\t\t\t\t\t\t<\/div>\n\t\t\t\t<div class=\"elementor-element elementor-element-221e5af elementor-view-default elementor-widget elementor-widget-icon\" data-id=\"221e5af\" data-element_type=\"widget\" data-e-type=\"widget\" data-widget_type=\"icon.default\">\n\t\t\t\t\t\t\t<div class=\"elementor-icon-wrapper\">\n\t\t\t<a class=\"elementor-icon\" href=\"https:\/\/www.instagram.com\/vespernutrition\/\" target=\"_blank\">\n\t\t\t<svg aria-hidden=\"true\" class=\"e-font-icon-svg e-fab-instagram\" viewBox=\"0 0 448 512\" xmlns=\"http:\/\/www.w3.org\/2000\/svg\"><path d=\"M224.1 141c-63.6 0-114.9 51.3-114.9 114.9s51.3 114.9 114.9 114.9S339 319.5 339 255.9 287.7 141 224.1 141zm0 189.6c-41.1 0-74.7-33.5-74.7-74.7s33.5-74.7 74.7-74.7 74.7 33.5 74.7 74.7-33.6 74.7-74.7 74.7zm146.4-194.3c0 14.9-12 26.8-26.8 26.8-14.9 0-26.8-12-26.8-26.8s12-26.8 26.8-26.8 26.8 12 26.8 26.8zm76.1 27.2c-1.7-35.9-9.9-67.7-36.2-93.9-26.2-26.2-58-34.4-93.9-36.2-37-2.1-147.9-2.1-184.9 0-35.8 1.7-67.6 9.9-93.9 36.1s-34.4 58-36.2 93.9c-2.1 37-2.1 147.9 0 184.9 1.7 35.9 9.9 67.7 36.2 93.9s58 34.4 93.9 36.2c37 2.1 147.9 2.1 184.9 0 35.9-1.7 67.7-9.9 93.9-36.2 26.2-26.2 34.4-58 36.2-93.9 2.1-37 2.1-147.8 0-184.8zM398.8 388c-7.8 19.6-22.9 34.7-42.6 42.6-29.5 11.7-99.5 9-132.1 9s-102.7 2.6-132.1-9c-19.6-7.8-34.7-22.9-42.6-42.6-11.7-29.5-9-99.5-9-132.1s-2.6-102.7 9-132.1c7.8-19.6 22.9-34.7 42.6-42.6 29.5-11.7 99.5-9 132.1-9s102.7-2.6 132.1 9c19.6 7.8 34.7 22.9 42.6 42.6 11.7 29.5 9 99.5 9 132.1s2.7 102.7-9 132.1z\"><\/path><\/svg>\t\t\t<\/a>\n\t\t<\/div>\n\t\t\t\t\t\t<\/div>\n\t\t\t\t<\/div>\n\t\t\t\t\t<\/div>\n\t\t\t\t<\/div>\n\t\t<div class=\"elementor-element elementor-element-38b6709 e-flex e-con-boxed e-con e-parent\" data-id=\"38b6709\" data-element_type=\"container\" data-e-type=\"container\" data-settings=\"{&quot;background_background&quot;:&quot;classic&quot;}\">\n\t\t\t\t\t<div class=\"e-con-inner\">\n\t\t\t\t<div class=\"elementor-element elementor-element-08dc091 elementor-widget elementor-widget-spacer\" data-id=\"08dc091\" data-element_type=\"widget\" data-e-type=\"widget\" data-widget_type=\"spacer.default\">\n\t\t\t\t\t\t\t<div class=\"elementor-spacer\">\n\t\t\t<div class=\"elementor-spacer-inner\"><\/div>\n\t\t<\/div>\n\t\t\t\t\t\t<\/div>\n\t\t\t\t<div class=\"elementor-element elementor-element-0ef4e07 elementor-widget elementor-widget-text-editor\" data-id=\"0ef4e07\" data-element_type=\"widget\" data-e-type=\"widget\" data-widget_type=\"text-editor.default\">\n\t\t\t\t\t\t\t\t\t<p><a href=\"https:\/\/gesundvespern.com\/?page_id=91\">Impressum<\/a> | <a href=\"https:\/\/gesundvespern.com\/?page_id=96\">Datenschutz<\/a> | <a href=\"https:\/\/gesundvespern.com\/?page_id=96\">Cookie-Richtlinie<\/a> | <a href=\"https:\/\/gesundvespern.com\/?page_id=80\">Kontakt<\/a><\/p><p><b>\u00a9 <\/b>Copyright 2026 gesundvespern.com<\/p>\t\t\t\t\t\t\t\t<\/div>\n\t\t\t\t\t<\/div>\n\t\t\t\t<\/div>\n\t\t\t\t<\/div>\n\t\t","protected":false},"excerpt":{"rendered":"<p>Meine Beratungsschwerpunkte Unvertr\u00e4glichkeiten\/Intoleranzen Lactoseintoleranz, Fructoseintoleranz, Sorbitintoleranz, Histaminintoleranz D\u00fcnndarmfehlbesiedlung Gastritis, Reflux Chronische entz\u00fcndliche Darmerkrankungen Colitis, Morbus Crohn \u00dcbergewicht, Adipositas Begleitung der Therapie mit sog. Abnehmspritzen Vor- und Nachsorge bei bariatrischen Operationen Praxis f\u00fcr Ern\u00e4hrungstherapieKirsten Vesper Gesund Vespern H\u00e4melingerstr. 2232052 Herford Behindertengerechter Eingang Tel. 05223-651318Mobil 0160-4029144 Mail: info@gesundvespern.comFax:\u00a0 05223-6588809 Impressum | Datenschutz | Cookie-Richtlinie | Kontakt \u00a9 [&hellip;]<\/p>\n","protected":false},"author":1,"featured_media":0,"parent":0,"menu_order":0,"comment_status":"closed","ping_status":"closed","template":"","meta":{"iawp_total_views":14,"footnotes":""},"class_list":["post-66","page","type-page","status-publish","hentry"],"_links":{"self":[{"href":"https:\/\/gesundvespern.com\/index.php?rest_route=\/wp\/v2\/pages\/66","targetHints":{"allow":["GET"]}}],"collection":[{"href":"https:\/\/gesundvespern.com\/index.php?rest_route=\/wp\/v2\/pages"}],"about":[{"href":"https:\/\/gesundvespern.com\/index.php?rest_route=\/wp\/v2\/types\/page"}],"author":[{"embeddable":true,"href":"https:\/\/gesundvespern.com\/index.php?rest_route=\/wp\/v2\/users\/1"}],"replies":[{"embeddable":true,"href":"https:\/\/gesundvespern.com\/index.php?rest_route=%2Fwp%2Fv2%2Fcomments&post=66"}],"version-history":[{"count":34,"href":"https:\/\/gesundvespern.com\/index.php?rest_route=\/wp\/v2\/pages\/66\/revisions"}],"predecessor-version":[{"id":402,"href":"https:\/\/gesundvespern.com\/index.php?rest_route=\/wp\/v2\/pages\/66\/revisions\/402"}],"wp:attachment":[{"href":"https:\/\/gesundvespern.com\/index.php?rest_route=%2Fwp%2Fv2%2Fmedia&parent=66"}],"curies":[{"name":"wp","href":"https:\/\/api.w.org\/{rel}","templated":true}]}}