{"id":75,"date":"2026-01-15T11:26:45","date_gmt":"2026-01-15T10:26:45","guid":{"rendered":"https:\/\/gesundvespern.com\/?page_id=75"},"modified":"2026-02-23T14:15:26","modified_gmt":"2026-02-23T13:15:26","slug":"hypnose","status":"publish","type":"page","link":"https:\/\/gesundvespern.com\/?page_id=75","title":{"rendered":"Hypnose"},"content":{"rendered":"\t\t<div data-elementor-type=\"wp-page\" data-elementor-id=\"75\" class=\"elementor elementor-75\">\n\t\t\t\t<div class=\"elementor-element elementor-element-c41f415 e-flex e-con-boxed e-con e-parent\" data-id=\"c41f415\" data-element_type=\"container\" data-e-type=\"container\" data-settings=\"{&quot;background_background&quot;:&quot;classic&quot;}\">\n\t\t\t\t\t<div class=\"e-con-inner\">\n\t\t<div class=\"elementor-element elementor-element-a1a90f7 e-con-full e-flex e-con e-child\" data-id=\"a1a90f7\" data-element_type=\"container\" data-e-type=\"container\">\n\t\t\t\t<div class=\"elementor-element elementor-element-e6d60d0 elementor-widget elementor-widget-image\" data-id=\"e6d60d0\" data-element_type=\"widget\" data-e-type=\"widget\" data-widget_type=\"image.default\">\n\t\t\t\t\t\t\t\t\t\t\t\t\t\t\t<img fetchpriority=\"high\" decoding=\"async\" width=\"500\" height=\"250\" src=\"https:\/\/gesundvespern.com\/wp-content\/uploads\/2026\/01\/kirsten-vesper-logo.png\" class=\"attachment-large size-large wp-image-37\" alt=\"\" srcset=\"https:\/\/gesundvespern.com\/wp-content\/uploads\/2026\/01\/kirsten-vesper-logo.png 500w, https:\/\/gesundvespern.com\/wp-content\/uploads\/2026\/01\/kirsten-vesper-logo-300x150.png 300w\" sizes=\"(max-width: 500px) 100vw, 500px\" \/>\t\t\t\t\t\t\t\t\t\t\t\t\t\t\t<\/div>\n\t\t\t\t<\/div>\n\t\t\t\t\t<\/div>\n\t\t\t\t<\/div>\n\t\t<div class=\"elementor-element elementor-element-beba48a e-flex e-con-boxed e-con e-parent\" data-id=\"beba48a\" data-element_type=\"container\" data-e-type=\"container\" data-settings=\"{&quot;background_background&quot;:&quot;classic&quot;}\">\n\t\t\t\t\t<div class=\"e-con-inner\">\n\t\t<div class=\"elementor-element elementor-element-3b9b991 e-flex e-con-boxed e-con e-child\" data-id=\"3b9b991\" data-element_type=\"container\" data-e-type=\"container\">\n\t\t\t\t\t<div class=\"e-con-inner\">\n\t\t\t\t<div class=\"elementor-element elementor-element-15a9512 elementor-widget elementor-widget-heading\" data-id=\"15a9512\" data-element_type=\"widget\" data-e-type=\"widget\" data-widget_type=\"heading.default\">\n\t\t\t\t\t<h2 class=\"elementor-heading-title elementor-size-default\">Die Hypnose - ein erg\u00e4nzender Therapieweg<\/h2>\t\t\t\t<\/div>\n\t\t\t\t<div class=\"elementor-element elementor-element-6cd1b88 elementor-widget-divider--view-line elementor-widget elementor-widget-divider\" data-id=\"6cd1b88\" data-element_type=\"widget\" data-e-type=\"widget\" data-widget_type=\"divider.default\">\n\t\t\t\t\t\t\t<div class=\"elementor-divider\">\n\t\t\t<span class=\"elementor-divider-separator\">\n\t\t\t\t\t\t<\/span>\n\t\t<\/div>\n\t\t\t\t\t\t<\/div>\n\t\t\t\t<div class=\"elementor-element elementor-element-d434475 elementor-widget elementor-widget-text-editor\" data-id=\"d434475\" data-element_type=\"widget\" data-e-type=\"widget\" data-widget_type=\"text-editor.default\">\n\t\t\t\t\t\t\t\t\t<p><span style=\"font-weight: 400;\">Die Hypnosetherapie ist heute als Behandlungsmethode bei verschiedenen Problemen anerkannt. Ich habe mich \u00fcber mehrere Jahre zum Hypnose-coach fortgebildet und kann Ihnen bei einem Zusammenhang mit der Ern\u00e4hrung oder dem Gewicht diese Therapie mit Ihnen durchf\u00fchren.<\/span><\/p><p><span style=\"font-weight: 400;\">Negative Erlebnisse und Erfahrungen k\u00f6nnen zu k\u00f6rperlichen oder seelischen Problemen und unerw\u00fcnschten Verhaltensweisen f\u00fchren. Hier kann die Hypnose-Therapie helfen:<\/span><\/p><ul><li style=\"font-weight: 400;\" aria-level=\"1\"><span style=\"font-weight: 400;\">Essst\u00f6rungen<\/span><\/li><li style=\"font-weight: 400;\" aria-level=\"1\"><span style=\"font-weight: 400;\">Gewichtsreduktion<\/span><\/li><li style=\"font-weight: 400;\" aria-level=\"1\"><span style=\"font-weight: 400;\">\u00c4ngste und Phobien<\/span><\/li><li style=\"font-weight: 400;\" aria-level=\"1\"><span style=\"font-weight: 400;\">Rauchentw\u00f6hnung<\/span><\/li><li style=\"font-weight: 400;\" aria-level=\"1\"><span style=\"font-weight: 400;\">Selbstwertgef\u00fchl st\u00e4rken<\/span><\/li><li style=\"font-weight: 400;\" aria-level=\"1\"><span style=\"font-weight: 400;\">u.v.a.<br \/><br \/><\/span><\/li><\/ul><p><span style=\"font-weight: 400;\">Die Hypnosetechnik erm\u00f6glicht in vielen F\u00e4llen im Zustand der Trance positive Ver\u00e4nderung bewirken.\u00a0<\/span><\/p>\t\t\t\t\t\t\t\t<\/div>\n\t\t\t\t\t<\/div>\n\t\t\t\t<\/div>\n\t\t<div class=\"elementor-element elementor-element-05c3c95 e-con-full e-flex e-con e-child\" data-id=\"05c3c95\" data-element_type=\"container\" data-e-type=\"container\">\n\t\t\t\t<div class=\"elementor-element elementor-element-8c99c34 elementor-widget elementor-widget-text-editor\" data-id=\"8c99c34\" data-element_type=\"widget\" data-e-type=\"widget\" data-widget_type=\"text-editor.default\">\n\t\t\t\t\t\t\t\t\t<p>Praxis f\u00fcr Ern\u00e4hrungstherapie<br \/>Kirsten Vesper<\/p>\t\t\t\t\t\t\t\t<\/div>\n\t\t\t\t<div class=\"elementor-element elementor-element-9739203 elementor-widget elementor-widget-heading\" data-id=\"9739203\" data-element_type=\"widget\" data-e-type=\"widget\" data-widget_type=\"heading.default\">\n\t\t\t\t\t<h2 class=\"elementor-heading-title elementor-size-default\">Gesund Vespern<\/h2>\t\t\t\t<\/div>\n\t\t\t\t<div class=\"elementor-element elementor-element-10e12e1 elementor-widget elementor-widget-image\" data-id=\"10e12e1\" data-element_type=\"widget\" data-e-type=\"widget\" data-widget_type=\"image.default\">\n\t\t\t\t\t\t\t\t\t\t\t\t\t\t\t<img decoding=\"async\" width=\"185\" height=\"170\" src=\"https:\/\/gesundvespern.com\/wp-content\/uploads\/2026\/01\/apfel-ernaehrung.png\" class=\"attachment-large size-large wp-image-233\" alt=\"\" \/>\t\t\t\t\t\t\t\t\t\t\t\t\t\t\t<\/div>\n\t\t\t\t<div class=\"elementor-element elementor-element-d73336a elementor-widget elementor-widget-text-editor\" data-id=\"d73336a\" data-element_type=\"widget\" data-e-type=\"widget\" data-widget_type=\"text-editor.default\">\n\t\t\t\t\t\t\t\t\t<p><span style=\"font-weight: 400;\">H\u00e4melingerstr. 22<\/span><span style=\"font-weight: 400;\"><br \/><\/span><span style=\"font-weight: 400;\">32052 Herford<\/span><\/p><p><span style=\"font-weight: 400;\">Behindertengerechter Eingang<\/span><\/p><p><span style=\"font-weight: 400;\">Tel. <\/span> <span style=\"font-weight: 400;\">05223-6539909<\/span><span style=\"font-weight: 400;\"><br \/><\/span><span style=\"font-weight: 400;\">Mobil <\/span> <span style=\"font-weight: 400;\">0160-4029144<\/span><\/p><p><span style=\"font-weight: 400;\">Mail:<\/span> <span style=\"font-weight: 400;\">info@gesundvespern.com<\/span><span style=\"font-weight: 400;\"><br \/><\/span><span style=\"font-weight: 400;\">Fax:\u00a0<\/span> <span style=\"font-weight: 400;\">05223-6588809<\/span><\/p>\t\t\t\t\t\t\t\t<\/div>\n\t\t\t\t<div class=\"elementor-element elementor-element-6e20493 elementor-view-default elementor-widget elementor-widget-icon\" data-id=\"6e20493\" data-element_type=\"widget\" data-e-type=\"widget\" data-widget_type=\"icon.default\">\n\t\t\t\t\t\t\t<div class=\"elementor-icon-wrapper\">\n\t\t\t<a class=\"elementor-icon\" href=\"https:\/\/www.instagram.com\/vespernutrition\/\" target=\"_blank\">\n\t\t\t<svg aria-hidden=\"true\" class=\"e-font-icon-svg e-fab-instagram\" viewBox=\"0 0 448 512\" xmlns=\"http:\/\/www.w3.org\/2000\/svg\"><path d=\"M224.1 141c-63.6 0-114.9 51.3-114.9 114.9s51.3 114.9 114.9 114.9S339 319.5 339 255.9 287.7 141 224.1 141zm0 189.6c-41.1 0-74.7-33.5-74.7-74.7s33.5-74.7 74.7-74.7 74.7 33.5 74.7 74.7-33.6 74.7-74.7 74.7zm146.4-194.3c0 14.9-12 26.8-26.8 26.8-14.9 0-26.8-12-26.8-26.8s12-26.8 26.8-26.8 26.8 12 26.8 26.8zm76.1 27.2c-1.7-35.9-9.9-67.7-36.2-93.9-26.2-26.2-58-34.4-93.9-36.2-37-2.1-147.9-2.1-184.9 0-35.8 1.7-67.6 9.9-93.9 36.1s-34.4 58-36.2 93.9c-2.1 37-2.1 147.9 0 184.9 1.7 35.9 9.9 67.7 36.2 93.9s58 34.4 93.9 36.2c37 2.1 147.9 2.1 184.9 0 35.9-1.7 67.7-9.9 93.9-36.2 26.2-26.2 34.4-58 36.2-93.9 2.1-37 2.1-147.8 0-184.8zM398.8 388c-7.8 19.6-22.9 34.7-42.6 42.6-29.5 11.7-99.5 9-132.1 9s-102.7 2.6-132.1-9c-19.6-7.8-34.7-22.9-42.6-42.6-11.7-29.5-9-99.5-9-132.1s-2.6-102.7 9-132.1c7.8-19.6 22.9-34.7 42.6-42.6 29.5-11.7 99.5-9 132.1-9s102.7-2.6 132.1 9c19.6 7.8 34.7 22.9 42.6 42.6 11.7 29.5 9 99.5 9 132.1s2.7 102.7-9 132.1z\"><\/path><\/svg>\t\t\t<\/a>\n\t\t<\/div>\n\t\t\t\t\t\t<\/div>\n\t\t\t\t<\/div>\n\t\t\t\t\t<\/div>\n\t\t\t\t<\/div>\n\t\t<div class=\"elementor-element elementor-element-a0bfac3 e-flex e-con-boxed e-con e-parent\" data-id=\"a0bfac3\" data-element_type=\"container\" data-e-type=\"container\" data-settings=\"{&quot;background_background&quot;:&quot;classic&quot;}\">\n\t\t\t\t\t<div class=\"e-con-inner\">\n\t\t\t\t<div class=\"elementor-element elementor-element-01ed7fe elementor-widget elementor-widget-spacer\" data-id=\"01ed7fe\" data-element_type=\"widget\" data-e-type=\"widget\" data-widget_type=\"spacer.default\">\n\t\t\t\t\t\t\t<div class=\"elementor-spacer\">\n\t\t\t<div class=\"elementor-spacer-inner\"><\/div>\n\t\t<\/div>\n\t\t\t\t\t\t<\/div>\n\t\t\t\t<div class=\"elementor-element elementor-element-8166e3b elementor-widget elementor-widget-text-editor\" data-id=\"8166e3b\" data-element_type=\"widget\" data-e-type=\"widget\" data-widget_type=\"text-editor.default\">\n\t\t\t\t\t\t\t\t\t<p><a href=\"https:\/\/gesundvespern.com\/?page_id=91\">Impressum<\/a> | <a href=\"https:\/\/gesundvespern.com\/?page_id=96\">Datenschutz<\/a> | <a href=\"https:\/\/gesundvespern.com\/?page_id=96\">Cookie-Richtlinie<\/a> | <a href=\"https:\/\/gesundvespern.com\/?page_id=80\">Kontakt<\/a><\/p><p><b>\u00a9 <\/b>Copyright 2026 gesundvespern.com<\/p>\t\t\t\t\t\t\t\t<\/div>\n\t\t\t\t\t<\/div>\n\t\t\t\t<\/div>\n\t\t\t\t<\/div>\n\t\t","protected":false},"excerpt":{"rendered":"<p>Die Hypnose &#8211; ein erg\u00e4nzender Therapieweg Die Hypnosetherapie ist heute als Behandlungsmethode bei verschiedenen Problemen anerkannt. Ich habe mich \u00fcber mehrere Jahre zum Hypnose-coach fortgebildet und kann Ihnen bei einem Zusammenhang mit der Ern\u00e4hrung oder dem Gewicht diese Therapie mit Ihnen durchf\u00fchren. Negative Erlebnisse und Erfahrungen k\u00f6nnen zu k\u00f6rperlichen oder seelischen Problemen und unerw\u00fcnschten Verhaltensweisen [&hellip;]<\/p>\n","protected":false},"author":1,"featured_media":0,"parent":0,"menu_order":0,"comment_status":"closed","ping_status":"closed","template":"","meta":{"iawp_total_views":9,"footnotes":""},"class_list":["post-75","page","type-page","status-publish","hentry"],"_links":{"self":[{"href":"https:\/\/gesundvespern.com\/index.php?rest_route=\/wp\/v2\/pages\/75","targetHints":{"allow":["GET"]}}],"collection":[{"href":"https:\/\/gesundvespern.com\/index.php?rest_route=\/wp\/v2\/pages"}],"about":[{"href":"https:\/\/gesundvespern.com\/index.php?rest_route=\/wp\/v2\/types\/page"}],"author":[{"embeddable":true,"href":"https:\/\/gesundvespern.com\/index.php?rest_route=\/wp\/v2\/users\/1"}],"replies":[{"embeddable":true,"href":"https:\/\/gesundvespern.com\/index.php?rest_route=%2Fwp%2Fv2%2Fcomments&post=75"}],"version-history":[{"count":19,"href":"https:\/\/gesundvespern.com\/index.php?rest_route=\/wp\/v2\/pages\/75\/revisions"}],"predecessor-version":[{"id":365,"href":"https:\/\/gesundvespern.com\/index.php?rest_route=\/wp\/v2\/pages\/75\/revisions\/365"}],"wp:attachment":[{"href":"https:\/\/gesundvespern.com\/index.php?rest_route=%2Fwp%2Fv2%2Fmedia&parent=75"}],"curies":[{"name":"wp","href":"https:\/\/api.w.org\/{rel}","templated":true}]}}