{"id":8,"date":"2026-01-12T14:38:48","date_gmt":"2026-01-12T13:38:48","guid":{"rendered":"https:\/\/gesundvespern.com\/?page_id=8"},"modified":"2026-03-11T11:03:41","modified_gmt":"2026-03-11T10:03:41","slug":"home","status":"publish","type":"page","link":"https:\/\/gesundvespern.com\/","title":{"rendered":"Home"},"content":{"rendered":"\t\t<div data-elementor-type=\"wp-page\" data-elementor-id=\"8\" class=\"elementor elementor-8\">\n\t\t\t\t<div class=\"elementor-element elementor-element-7e6fc85 e-flex e-con-boxed e-con e-parent\" data-id=\"7e6fc85\" data-element_type=\"container\" data-e-type=\"container\" data-settings=\"{&quot;background_background&quot;:&quot;classic&quot;}\">\n\t\t\t\t\t<div class=\"e-con-inner\">\n\t\t<div class=\"elementor-element elementor-element-30f2819 e-con-full e-flex e-con e-child\" data-id=\"30f2819\" data-element_type=\"container\" data-e-type=\"container\">\n\t\t\t\t<div class=\"elementor-element elementor-element-66b67be elementor-widget elementor-widget-image\" data-id=\"66b67be\" data-element_type=\"widget\" data-e-type=\"widget\" data-widget_type=\"image.default\">\n\t\t\t\t\t\t\t\t\t\t\t\t\t\t\t<img fetchpriority=\"high\" decoding=\"async\" width=\"500\" height=\"250\" src=\"https:\/\/gesundvespern.com\/wp-content\/uploads\/2026\/01\/kirsten-vesper-logo.png\" class=\"attachment-large size-large wp-image-37\" alt=\"\" srcset=\"https:\/\/gesundvespern.com\/wp-content\/uploads\/2026\/01\/kirsten-vesper-logo.png 500w, https:\/\/gesundvespern.com\/wp-content\/uploads\/2026\/01\/kirsten-vesper-logo-300x150.png 300w\" sizes=\"(max-width: 500px) 100vw, 500px\" \/>\t\t\t\t\t\t\t\t\t\t\t\t\t\t\t<\/div>\n\t\t\t\t<\/div>\n\t\t\t\t\t<\/div>\n\t\t\t\t<\/div>\n\t\t<div class=\"elementor-element elementor-element-be4b7fd e-flex e-con-boxed e-con e-parent\" data-id=\"be4b7fd\" data-element_type=\"container\" data-e-type=\"container\" data-settings=\"{&quot;background_background&quot;:&quot;classic&quot;}\">\n\t\t\t\t\t<div class=\"e-con-inner\">\n\t\t<div class=\"elementor-element elementor-element-edfb658 e-flex e-con-boxed e-con e-child\" data-id=\"edfb658\" data-element_type=\"container\" data-e-type=\"container\" data-settings=\"{&quot;background_background&quot;:&quot;classic&quot;}\">\n\t\t\t\t\t<div class=\"e-con-inner\">\n\t\t\t\t<div class=\"elementor-element elementor-element-2f68562 elementor-widget elementor-widget-spacer\" data-id=\"2f68562\" data-element_type=\"widget\" data-e-type=\"widget\" data-widget_type=\"spacer.default\">\n\t\t\t\t\t\t\t<div class=\"elementor-spacer\">\n\t\t\t<div class=\"elementor-spacer-inner\"><\/div>\n\t\t<\/div>\n\t\t\t\t\t\t<\/div>\n\t\t\t\t<div class=\"elementor-element elementor-element-8637101 elementor-widget elementor-widget-heading\" data-id=\"8637101\" data-element_type=\"widget\" data-e-type=\"widget\" data-widget_type=\"heading.default\">\n\t\t\t\t\t<h2 class=\"elementor-heading-title elementor-size-default\">Herzlich Willkommen<\/h2>\t\t\t\t<\/div>\n\t\t\t\t<div class=\"elementor-element elementor-element-fd51ef5 elementor-widget-divider--view-line elementor-widget elementor-widget-divider\" data-id=\"fd51ef5\" data-element_type=\"widget\" data-e-type=\"widget\" data-widget_type=\"divider.default\">\n\t\t\t\t\t\t\t<div class=\"elementor-divider\">\n\t\t\t<span class=\"elementor-divider-separator\">\n\t\t\t\t\t\t<\/span>\n\t\t<\/div>\n\t\t\t\t\t\t<\/div>\n\t\t\t\t<div class=\"elementor-element elementor-element-652de31 elementor-widget elementor-widget-text-editor\" data-id=\"652de31\" data-element_type=\"widget\" data-e-type=\"widget\" data-widget_type=\"text-editor.default\">\n\t\t\t\t\t\t\t\t\t<p>Sch\u00f6n, dass Sie auf meiner Seite f\u00fcr Ern\u00e4hrungsberatung und Hypnose in Herford gelandet sind. Ich behandle Erkrankungen ganzheitlich und verhelfe Menschen zu einem gl\u00fccklicheren, selbstbestimmten Leben.\u00a0<\/p>\t\t\t\t\t\t\t\t<\/div>\n\t\t<div class=\"elementor-element elementor-element-dcf0200 e-grid e-con-boxed e-con e-child\" data-id=\"dcf0200\" data-element_type=\"container\" data-e-type=\"container\">\n\t\t\t\t\t<div class=\"e-con-inner\">\n\t\t\t\t<div class=\"elementor-element elementor-element-91184fa elementor-widget elementor-widget-image\" data-id=\"91184fa\" data-element_type=\"widget\" data-e-type=\"widget\" data-widget_type=\"image.default\">\n\t\t\t\t\t\t\t\t\t\t\t\t\t\t\t<img decoding=\"async\" width=\"800\" height=\"533\" src=\"https:\/\/gesundvespern.com\/wp-content\/uploads\/2026\/02\/MG_826931-1024x682.jpg\" class=\"attachment-large size-large wp-image-381\" alt=\"\" srcset=\"https:\/\/gesundvespern.com\/wp-content\/uploads\/2026\/02\/MG_826931-1024x682.jpg 1024w, https:\/\/gesundvespern.com\/wp-content\/uploads\/2026\/02\/MG_826931-300x200.jpg 300w, https:\/\/gesundvespern.com\/wp-content\/uploads\/2026\/02\/MG_826931-768x512.jpg 768w, https:\/\/gesundvespern.com\/wp-content\/uploads\/2026\/02\/MG_826931-1536x1024.jpg 1536w, https:\/\/gesundvespern.com\/wp-content\/uploads\/2026\/02\/MG_826931.jpg 1685w\" sizes=\"(max-width: 800px) 100vw, 800px\" \/>\t\t\t\t\t\t\t\t\t\t\t\t\t\t\t<\/div>\n\t\t<div class=\"elementor-element elementor-element-34c694c e-con-full e-flex e-con e-child\" data-id=\"34c694c\" data-element_type=\"container\" data-e-type=\"container\">\n\t\t\t\t<div class=\"elementor-element elementor-element-e500961 elementor-hidden-desktop elementor-hidden-tablet elementor-widget elementor-widget-spacer\" data-id=\"e500961\" data-element_type=\"widget\" data-e-type=\"widget\" data-widget_type=\"spacer.default\">\n\t\t\t\t\t\t\t<div class=\"elementor-spacer\">\n\t\t\t<div class=\"elementor-spacer-inner\"><\/div>\n\t\t<\/div>\n\t\t\t\t\t\t<\/div>\n\t\t\t\t<div class=\"elementor-element elementor-element-fb2f3d6 elementor-widget elementor-widget-heading\" data-id=\"fb2f3d6\" data-element_type=\"widget\" data-e-type=\"widget\" data-widget_type=\"heading.default\">\n\t\t\t\t\t<h2 class=\"elementor-heading-title elementor-size-default\">Du bist, was du isst\u2026<\/h2>\t\t\t\t<\/div>\n\t\t\t\t<div class=\"elementor-element elementor-element-25139f1 elementor-widget elementor-widget-text-editor\" data-id=\"25139f1\" data-element_type=\"widget\" data-e-type=\"widget\" data-widget_type=\"text-editor.default\">\n\t\t\t\t\t\t\t\t\t<p><span style=\"font-weight: 400;\">Meine Vorgehensweise ist individuell, ich stelle mich auf Ihre private und berufliche Lebenssituation ein und erarbeite mit Ihnen gemeinsam einen gut umsetzbaren Ern\u00e4hrungsplan. Bei mir sind DGE, Low Carb, Mediterrean, Vegetarisch, Vegan und alle anderen Ern\u00e4hrungsformen f\u00fcr deine Ern\u00e4hrungsumstellung m\u00f6glich.<\/span><\/p>\t\t\t\t\t\t\t\t<\/div>\n\t\t\t\t<div class=\"elementor-element elementor-element-f6c1aff elementor-widget elementor-widget-heading\" data-id=\"f6c1aff\" data-element_type=\"widget\" data-e-type=\"widget\" data-widget_type=\"heading.default\">\n\t\t\t\t\t<h2 class=\"elementor-heading-title elementor-size-default\">Nichts ist verboten, der Genuss am Essen bleibt!<\/h2>\t\t\t\t<\/div>\n\t\t\t\t<\/div>\n\t\t\t\t\t<\/div>\n\t\t\t\t<\/div>\n\t\t<div class=\"elementor-element elementor-element-783e366 e-con-full e-flex e-con e-child\" data-id=\"783e366\" data-element_type=\"container\" data-e-type=\"container\">\n\t\t\t\t<div class=\"elementor-element elementor-element-bd61eee elementor-widget elementor-widget-text-editor\" data-id=\"bd61eee\" data-element_type=\"widget\" data-e-type=\"widget\" data-widget_type=\"text-editor.default\">\n\t\t\t\t\t\t\t\t\t<p><span style=\"font-weight: 400;\">65 % der Erkrankungen werden durch die Ern\u00e4hrung beeinflusst,<\/span><\/p><ul><li style=\"font-weight: 400;\" aria-level=\"1\"><span style=\"font-weight: 400;\">als Risikofaktor<\/span><\/li><li style=\"font-weight: 400;\" aria-level=\"1\"><span style=\"font-weight: 400;\">als ausl\u00f6senden Faktor<\/span><\/li><li style=\"font-weight: 400;\" aria-level=\"1\"><span style=\"font-weight: 400;\">als verst\u00e4rkenden Faktor oder<\/span><\/li><li style=\"font-weight: 400;\" aria-level=\"1\"><span style=\"font-weight: 400;\">k\u00f6nnen positiv ver\u00e4ndert werden<\/span><\/li><\/ul><p><span style=\"font-weight: 400;\"><br \/>Dazu geh\u00f6ren:<\/span><\/p><ul><li aria-level=\"1\"><b>Stoffwechsel- u. Herz-Kreislauferkrankungen: <\/b>Adipositas, Typ-2-Diabetes, Metabolisches Syndrom, Hypertonie, Fettstoffwechselerkrankungen, Arteriosklerose, KHK, Gicht, Fettleber<\/li><\/ul><ul><li aria-level=\"1\"><b>Magen-Darm-Erkrankungen: <\/b>Reizdarmsyndrom, Intoleranzen, Z\u00f6liakie, Chronisch-entz\u00fcndliche Darmerkrankungen, Divertikel, Reflux, Gastritis<\/li><\/ul><ul><li aria-level=\"1\"><b>Mangel- u. Fehlern\u00e4hrung: <\/b>Vitaminmangel, Mineralstoffmangel<\/li><\/ul><ul><li aria-level=\"1\"><b>Weitere ern\u00e4hrungsrelevante Krankheitsbilder: <\/b>Migr\u00e4ne, Akne, Neurodermitis, Hashimoto\u2026.<\/li><\/ul><p><span style=\"font-weight: 400;\"><br \/>Eine gezielte Ern\u00e4hrungsumstellung kann hier helfen, Symptome zu lindern, den Verlauf positiv beeinflussen oder Folgeerkrankungen vermeiden.<\/span><\/p>\t\t\t\t\t\t\t\t<\/div>\n\t\t\t\t<div class=\"elementor-element elementor-element-d524064 elementor-widget-divider--view-line elementor-widget elementor-widget-divider\" data-id=\"d524064\" data-element_type=\"widget\" data-e-type=\"widget\" data-widget_type=\"divider.default\">\n\t\t\t\t\t\t\t<div class=\"elementor-divider\">\n\t\t\t<span class=\"elementor-divider-separator\">\n\t\t\t\t\t\t<\/span>\n\t\t<\/div>\n\t\t\t\t\t\t<\/div>\n\t\t\t\t<div class=\"elementor-element elementor-element-93c8bae elementor-widget elementor-widget-text-editor\" data-id=\"93c8bae\" data-element_type=\"widget\" data-e-type=\"widget\" data-widget_type=\"text-editor.default\">\n\t\t\t\t\t\t\t\t\t<p><b>Bei bestehender Diagnose:<\/b><\/p><p><span style=\"font-weight: 400;\">Erarbeiten wir gemeinsam eine f\u00fcr Sie individuelle Ern\u00e4hrung mit g\u00fcnstigen Lebensmitteln, Rezepten, Tagespl\u00e4nen<\/span><\/p><p><b>Bei Symptomen ohne bisherige Diagnose:<\/b><\/p><p><b>Suche ich mit Ihnen nach der Ursache f\u00fcr Ihre Beschwerden durch<\/b><\/p><ul><li style=\"font-weight: 400;\" aria-level=\"1\"><span style=\"font-weight: 400;\">Eine ausf\u00fchrliche Anamnese<\/span><\/li><li style=\"font-weight: 400;\" aria-level=\"1\"><span style=\"font-weight: 400;\">Ern\u00e4hrungsanalyse<\/span><\/li><li style=\"font-weight: 400;\" aria-level=\"1\"><span style=\"font-weight: 400;\">Weitere Laboruntersuchungen (Stuhl, Blut, Atemtest, Pricktest usw.)<\/span><\/li><\/ul><p><span style=\"font-weight: 400;\">Danach erfolgt eine zielgerichtete Therapie durch<\/span><\/p><ul><li style=\"font-weight: 400;\" aria-level=\"1\"><span style=\"font-weight: 400;\">Individuelle Ern\u00e4hrungsumstellung<\/span><\/li><li style=\"font-weight: 400;\" aria-level=\"1\"><span style=\"font-weight: 400;\">Ern\u00e4hrungsplan<\/span><\/li><li style=\"font-weight: 400;\" aria-level=\"1\"><span style=\"font-weight: 400;\">Darmsanierung<\/span><\/li><li style=\"font-weight: 400;\" aria-level=\"1\"><span style=\"font-weight: 400;\">Fasten<\/span><\/li><li style=\"font-weight: 400;\" aria-level=\"1\"><span style=\"font-weight: 400;\">Nahrungserg\u00e4nzungen<\/span><\/li><\/ul>\t\t\t\t\t\t\t\t<\/div>\n\t\t\t\t<div class=\"elementor-element elementor-element-643de93 elementor-widget-divider--view-line elementor-widget elementor-widget-divider\" data-id=\"643de93\" data-element_type=\"widget\" data-e-type=\"widget\" data-widget_type=\"divider.default\">\n\t\t\t\t\t\t\t<div class=\"elementor-divider\">\n\t\t\t<span class=\"elementor-divider-separator\">\n\t\t\t\t\t\t<\/span>\n\t\t<\/div>\n\t\t\t\t\t\t<\/div>\n\t\t\t\t<div class=\"elementor-element elementor-element-9235816 elementor-widget elementor-widget-text-editor\" data-id=\"9235816\" data-element_type=\"widget\" data-e-type=\"widget\" data-widget_type=\"text-editor.default\">\n\t\t\t\t\t\t\t\t\t<p>Bei Fragen k\u00f6nnen Sie mich nat\u00fcrlich gerne telefonisch oder per Email erreichen.<\/p>\n<p><\/p>\n<p>Ich freue mich auf Sie!<\/p>\t\t\t\t\t\t\t\t<\/div>\n\t\t\t\t<div class=\"elementor-element elementor-element-05363d6 elementor-widget elementor-widget-heading\" data-id=\"05363d6\" data-element_type=\"widget\" data-e-type=\"widget\" data-widget_type=\"heading.default\">\n\t\t\t\t\t<h2 class=\"elementor-heading-title elementor-size-default\">Ihre Kirsten Vesper<\/h2>\t\t\t\t<\/div>\n\t\t\t\t<div class=\"elementor-element elementor-element-447093b elementor-widget elementor-widget-spacer\" data-id=\"447093b\" data-element_type=\"widget\" data-e-type=\"widget\" data-widget_type=\"spacer.default\">\n\t\t\t\t\t\t\t<div class=\"elementor-spacer\">\n\t\t\t<div class=\"elementor-spacer-inner\"><\/div>\n\t\t<\/div>\n\t\t\t\t\t\t<\/div>\n\t\t\t\t<\/div>\n\t\t\t\t\t<\/div>\n\t\t\t\t<\/div>\n\t\t<div class=\"elementor-element elementor-element-a84b95f e-con-full e-flex e-con e-child\" data-id=\"a84b95f\" data-element_type=\"container\" data-e-type=\"container\">\n\t\t\t\t<div class=\"elementor-element elementor-element-3dda9d9 elementor-widget elementor-widget-text-editor\" data-id=\"3dda9d9\" data-element_type=\"widget\" data-e-type=\"widget\" data-widget_type=\"text-editor.default\">\n\t\t\t\t\t\t\t\t\t<p>Praxis f\u00fcr Ern\u00e4hrungstherapie<br \/>Kirsten Vesper<\/p>\t\t\t\t\t\t\t\t<\/div>\n\t\t\t\t<div class=\"elementor-element elementor-element-81af5da elementor-widget elementor-widget-heading\" data-id=\"81af5da\" data-element_type=\"widget\" data-e-type=\"widget\" data-widget_type=\"heading.default\">\n\t\t\t\t\t<h2 class=\"elementor-heading-title elementor-size-default\">Gesund Vespern<\/h2>\t\t\t\t<\/div>\n\t\t\t\t<div class=\"elementor-element elementor-element-0100b38 elementor-widget elementor-widget-image\" data-id=\"0100b38\" data-element_type=\"widget\" data-e-type=\"widget\" data-widget_type=\"image.default\">\n\t\t\t\t\t\t\t\t\t\t\t\t\t\t\t<img decoding=\"async\" width=\"185\" height=\"170\" src=\"https:\/\/gesundvespern.com\/wp-content\/uploads\/2026\/01\/apfel-ernaehrung.png\" class=\"attachment-large size-large wp-image-233\" alt=\"\" \/>\t\t\t\t\t\t\t\t\t\t\t\t\t\t\t<\/div>\n\t\t\t\t<div class=\"elementor-element elementor-element-4bb0ec0 elementor-widget elementor-widget-text-editor\" data-id=\"4bb0ec0\" data-element_type=\"widget\" data-e-type=\"widget\" data-widget_type=\"text-editor.default\">\n\t\t\t\t\t\t\t\t\t<p><span style=\"font-weight: 400;\">H\u00e4melingerstr. 22<\/span><span style=\"font-weight: 400;\"><br \/><\/span><span style=\"font-weight: 400;\">32052 Herford<\/span><\/p><p><span style=\"font-weight: 400;\">Behindertengerechter Eingang<\/span><\/p><p><span style=\"font-weight: 400;\">Tel.\u00a0<\/span>05223-651318<span style=\"font-weight: 400;\"><br \/><\/span><span style=\"font-weight: 400;\">Mobil <\/span> <span style=\"font-weight: 400;\">0160-4029144<\/span><\/p><p><span style=\"font-weight: 400;\">Mail:<\/span> <span style=\"font-weight: 400;\">info@gesundvespern.com<\/span><span style=\"font-weight: 400;\"><br \/><\/span><span style=\"font-weight: 400;\">Fax:\u00a0<\/span> 05223-6588809<\/p>\t\t\t\t\t\t\t\t<\/div>\n\t\t\t\t<div class=\"elementor-element elementor-element-e72bc16 elementor-view-default elementor-widget elementor-widget-icon\" data-id=\"e72bc16\" data-element_type=\"widget\" data-e-type=\"widget\" data-widget_type=\"icon.default\">\n\t\t\t\t\t\t\t<div class=\"elementor-icon-wrapper\">\n\t\t\t<a class=\"elementor-icon\" href=\"https:\/\/www.instagram.com\/vespernutrition\/\" target=\"_blank\">\n\t\t\t<svg aria-hidden=\"true\" class=\"e-font-icon-svg e-fab-instagram\" viewBox=\"0 0 448 512\" xmlns=\"http:\/\/www.w3.org\/2000\/svg\"><path d=\"M224.1 141c-63.6 0-114.9 51.3-114.9 114.9s51.3 114.9 114.9 114.9S339 319.5 339 255.9 287.7 141 224.1 141zm0 189.6c-41.1 0-74.7-33.5-74.7-74.7s33.5-74.7 74.7-74.7 74.7 33.5 74.7 74.7-33.6 74.7-74.7 74.7zm146.4-194.3c0 14.9-12 26.8-26.8 26.8-14.9 0-26.8-12-26.8-26.8s12-26.8 26.8-26.8 26.8 12 26.8 26.8zm76.1 27.2c-1.7-35.9-9.9-67.7-36.2-93.9-26.2-26.2-58-34.4-93.9-36.2-37-2.1-147.9-2.1-184.9 0-35.8 1.7-67.6 9.9-93.9 36.1s-34.4 58-36.2 93.9c-2.1 37-2.1 147.9 0 184.9 1.7 35.9 9.9 67.7 36.2 93.9s58 34.4 93.9 36.2c37 2.1 147.9 2.1 184.9 0 35.9-1.7 67.7-9.9 93.9-36.2 26.2-26.2 34.4-58 36.2-93.9 2.1-37 2.1-147.8 0-184.8zM398.8 388c-7.8 19.6-22.9 34.7-42.6 42.6-29.5 11.7-99.5 9-132.1 9s-102.7 2.6-132.1-9c-19.6-7.8-34.7-22.9-42.6-42.6-11.7-29.5-9-99.5-9-132.1s-2.6-102.7 9-132.1c7.8-19.6 22.9-34.7 42.6-42.6 29.5-11.7 99.5-9 132.1-9s102.7-2.6 132.1 9c19.6 7.8 34.7 22.9 42.6 42.6 11.7 29.5 9 99.5 9 132.1s2.7 102.7-9 132.1z\"><\/path><\/svg>\t\t\t<\/a>\n\t\t<\/div>\n\t\t\t\t\t\t<\/div>\n\t\t\t\t<\/div>\n\t\t\t\t\t<\/div>\n\t\t\t\t<\/div>\n\t\t<div class=\"elementor-element elementor-element-481e30b e-flex e-con-boxed e-con e-parent\" data-id=\"481e30b\" data-element_type=\"container\" data-e-type=\"container\" data-settings=\"{&quot;background_background&quot;:&quot;classic&quot;}\">\n\t\t\t\t\t<div class=\"e-con-inner\">\n\t\t\t\t<div class=\"elementor-element elementor-element-0e84b60 elementor-widget elementor-widget-spacer\" data-id=\"0e84b60\" data-element_type=\"widget\" data-e-type=\"widget\" data-widget_type=\"spacer.default\">\n\t\t\t\t\t\t\t<div class=\"elementor-spacer\">\n\t\t\t<div class=\"elementor-spacer-inner\"><\/div>\n\t\t<\/div>\n\t\t\t\t\t\t<\/div>\n\t\t\t\t<div class=\"elementor-element elementor-element-e831ca3 elementor-widget elementor-widget-text-editor\" data-id=\"e831ca3\" data-element_type=\"widget\" data-e-type=\"widget\" data-widget_type=\"text-editor.default\">\n\t\t\t\t\t\t\t\t\t<p><a href=\"https:\/\/gesundvespern.com\/?page_id=91\">Impressum<\/a> | <a href=\"https:\/\/gesundvespern.com\/?page_id=96\">Datenschutz<\/a> | <a href=\"https:\/\/gesundvespern.com\/?page_id=96\">Cookie-Richtlinie<\/a> | <a href=\"https:\/\/gesundvespern.com\/?page_id=80\">Kontakt<\/a><\/p><p><b>\u00a9 <\/b>Copyright 2026 gesundvespern.com<\/p>\t\t\t\t\t\t\t\t<\/div>\n\t\t\t\t\t<\/div>\n\t\t\t\t<\/div>\n\t\t\t\t<\/div>\n\t\t","protected":false},"excerpt":{"rendered":"<p>Herzlich Willkommen Sch\u00f6n, dass Sie auf meiner Seite f\u00fcr Ern\u00e4hrungsberatung und Hypnose in Herford gelandet sind. Ich behandle Erkrankungen ganzheitlich und verhelfe Menschen zu einem gl\u00fccklicheren, selbstbestimmten Leben.\u00a0 Du bist, was du isst\u2026 Meine Vorgehensweise ist individuell, ich stelle mich auf Ihre private und berufliche Lebenssituation ein und erarbeite mit Ihnen gemeinsam einen gut umsetzbaren [&hellip;]<\/p>\n","protected":false},"author":1,"featured_media":0,"parent":0,"menu_order":0,"comment_status":"closed","ping_status":"closed","template":"","meta":{"iawp_total_views":118,"footnotes":""},"class_list":["post-8","page","type-page","status-publish","hentry"],"_links":{"self":[{"href":"https:\/\/gesundvespern.com\/index.php?rest_route=\/wp\/v2\/pages\/8","targetHints":{"allow":["GET"]}}],"collection":[{"href":"https:\/\/gesundvespern.com\/index.php?rest_route=\/wp\/v2\/pages"}],"about":[{"href":"https:\/\/gesundvespern.com\/index.php?rest_route=\/wp\/v2\/types\/page"}],"author":[{"embeddable":true,"href":"https:\/\/gesundvespern.com\/index.php?rest_route=\/wp\/v2\/users\/1"}],"replies":[{"embeddable":true,"href":"https:\/\/gesundvespern.com\/index.php?rest_route=%2Fwp%2Fv2%2Fcomments&post=8"}],"version-history":[{"count":98,"href":"https:\/\/gesundvespern.com\/index.php?rest_route=\/wp\/v2\/pages\/8\/revisions"}],"predecessor-version":[{"id":396,"href":"https:\/\/gesundvespern.com\/index.php?rest_route=\/wp\/v2\/pages\/8\/revisions\/396"}],"wp:attachment":[{"href":"https:\/\/gesundvespern.com\/index.php?rest_route=%2Fwp%2Fv2%2Fmedia&parent=8"}],"curies":[{"name":"wp","href":"https:\/\/api.w.org\/{rel}","templated":true}]}}