{"id":96,"date":"2026-01-15T11:37:49","date_gmt":"2026-01-15T10:37:49","guid":{"rendered":"https:\/\/gesundvespern.com\/?page_id=96"},"modified":"2026-02-23T14:15:13","modified_gmt":"2026-02-23T13:15:13","slug":"datenschutz","status":"publish","type":"page","link":"https:\/\/gesundvespern.com\/?page_id=96","title":{"rendered":"Datenschutz"},"content":{"rendered":"\t\t<div data-elementor-type=\"wp-page\" data-elementor-id=\"96\" class=\"elementor elementor-96\">\n\t\t\t\t<div class=\"elementor-element elementor-element-cca3f28 e-flex e-con-boxed e-con e-parent\" data-id=\"cca3f28\" data-element_type=\"container\" data-e-type=\"container\" data-settings=\"{&quot;background_background&quot;:&quot;classic&quot;}\">\n\t\t\t\t\t<div class=\"e-con-inner\">\n\t\t<div class=\"elementor-element elementor-element-36a9991 e-con-full e-flex e-con e-child\" data-id=\"36a9991\" data-element_type=\"container\" data-e-type=\"container\">\n\t\t\t\t<div class=\"elementor-element elementor-element-019c97f elementor-widget elementor-widget-image\" data-id=\"019c97f\" data-element_type=\"widget\" data-e-type=\"widget\" data-widget_type=\"image.default\">\n\t\t\t\t\t\t\t\t\t\t\t\t\t\t\t<img fetchpriority=\"high\" decoding=\"async\" width=\"500\" height=\"250\" src=\"https:\/\/gesundvespern.com\/wp-content\/uploads\/2026\/01\/kirsten-vesper-logo.png\" class=\"attachment-large size-large wp-image-37\" alt=\"\" srcset=\"https:\/\/gesundvespern.com\/wp-content\/uploads\/2026\/01\/kirsten-vesper-logo.png 500w, https:\/\/gesundvespern.com\/wp-content\/uploads\/2026\/01\/kirsten-vesper-logo-300x150.png 300w\" sizes=\"(max-width: 500px) 100vw, 500px\" \/>\t\t\t\t\t\t\t\t\t\t\t\t\t\t\t<\/div>\n\t\t\t\t<\/div>\n\t\t\t\t\t<\/div>\n\t\t\t\t<\/div>\n\t\t<div class=\"elementor-element elementor-element-94ce867 e-flex e-con-boxed e-con e-parent\" data-id=\"94ce867\" data-element_type=\"container\" data-e-type=\"container\" data-settings=\"{&quot;background_background&quot;:&quot;classic&quot;}\">\n\t\t\t\t\t<div class=\"e-con-inner\">\n\t\t<div class=\"elementor-element elementor-element-7604089 e-flex e-con-boxed e-con e-child\" data-id=\"7604089\" data-element_type=\"container\" data-e-type=\"container\">\n\t\t\t\t\t<div class=\"e-con-inner\">\n\t\t\t\t<div class=\"elementor-element elementor-element-b87c0eb elementor-widget elementor-widget-heading\" data-id=\"b87c0eb\" data-element_type=\"widget\" data-e-type=\"widget\" data-widget_type=\"heading.default\">\n\t\t\t\t\t<h2 class=\"elementor-heading-title elementor-size-default\">Datenschutzerkl\u00e4rung<\/h2>\t\t\t\t<\/div>\n\t\t\t\t<div class=\"elementor-element elementor-element-be6d2ae elementor-widget-divider--view-line elementor-widget elementor-widget-divider\" data-id=\"be6d2ae\" data-element_type=\"widget\" data-e-type=\"widget\" data-widget_type=\"divider.default\">\n\t\t\t\t\t\t\t<div class=\"elementor-divider\">\n\t\t\t<span class=\"elementor-divider-separator\">\n\t\t\t\t\t\t<\/span>\n\t\t<\/div>\n\t\t\t\t\t\t<\/div>\n\t\t\t\t<div class=\"elementor-element elementor-element-235c644 elementor-widget elementor-widget-text-editor\" data-id=\"235c644\" data-element_type=\"widget\" data-e-type=\"widget\" data-widget_type=\"text-editor.default\">\n\t\t\t\t\t\t\t\t\t<p data-start=\"495\" data-end=\"528\"><strong>1. Datenschutz auf einen Blick<\/strong><\/p><p data-start=\"529\" data-end=\"709\">Der Schutz deiner pers\u00f6nlichen Daten ist uns wichtig. Personenbezogene Daten werden auf dieser Website nur im erforderlichen Umfang und gem\u00e4\u00df den gesetzlichen Vorgaben verarbeitet.<\/p><p data-start=\"711\" data-end=\"733\"><strong>2. Verantwortlicher<\/strong><\/p><p data-start=\"734\" data-end=\"798\">Verantwortlich f\u00fcr die Datenverarbeitung auf dieser Website ist:<\/p><p data-start=\"800\" data-end=\"857\"><strong data-start=\"800\" data-end=\"818\">Kirsten Vesper<\/strong><br data-start=\"818\" data-end=\"821\" \/>H\u00e4melingerstr. 22<br \/>32052 Herford<br data-start=\"830\" data-end=\"833\" \/>E-Mail: info@gesundvespern.com<\/p><p data-start=\"859\" data-end=\"872\"><strong>3. Hosting<\/strong><\/p><p data-start=\"873\" data-end=\"924\">Diese Website wird bei folgendem Anbieter gehostet:<\/p><p data-start=\"926\" data-end=\"995\">Infomaniak Network SA<br data-start=\"967\" data-end=\"970\" \/>Schweiz<\/p><p data-start=\"997\" data-end=\"1146\">Der Hostinganbieter verarbeitet personenbezogene Daten (z. B. IP-Adressen, Server-Logfiles) im Rahmen einer Auftragsverarbeitung gem\u00e4\u00df Art. 28 DSGVO.<\/p><p data-start=\"1148\" data-end=\"1185\"><strong>4. Zugriffsdaten \/ Server-Logfiles<\/strong><\/p><p data-start=\"1186\" data-end=\"1309\">Beim Besuch dieser Website erhebt der Hostinganbieter automatisch Informationen in sogenannten Server-Logfiles. Diese sind:<\/p><ul data-start=\"1311\" data-end=\"1413\"><li data-start=\"1311\" data-end=\"1323\"><p data-start=\"1313\" data-end=\"1323\">IP-Adresse<\/p><\/li><li data-start=\"1324\" data-end=\"1355\"><p data-start=\"1326\" data-end=\"1355\">Datum und Uhrzeit der Anfrage<\/p><\/li><li data-start=\"1356\" data-end=\"1381\"><p data-start=\"1358\" data-end=\"1381\">Browsertyp und -version<\/p><\/li><li data-start=\"1382\" data-end=\"1398\"><p data-start=\"1384\" data-end=\"1398\">Betriebssystem<\/p><\/li><li data-start=\"1399\" data-end=\"1413\"><p data-start=\"1401\" data-end=\"1413\">Referrer-URL<\/p><\/li><\/ul><p data-start=\"1415\" data-end=\"1548\">Diese Daten dienen ausschlie\u00dflich der Sicherstellung eines st\u00f6rungsfreien Betriebs der Website und der Verbesserung unseres Angebots.<\/p><p data-start=\"1550\" data-end=\"1597\"><strong data-start=\"1550\" data-end=\"1570\">Rechtsgrundlage:<\/strong> Art. 6 Abs. 1 lit. f DSGVO<\/p><p data-start=\"1599\" data-end=\"1612\"><strong>5. Cookies<\/strong><\/p><p data-start=\"1614\" data-end=\"1632\">a) Allgemeines<\/p><p data-start=\"1633\" data-end=\"1773\">Diese Website verwendet Cookies. Cookies sind kleine Textdateien, die auf deinem Endger\u00e4t gespeichert werden und die dein Browser speichert.<\/p><p data-start=\"1775\" data-end=\"1795\">Cookies dienen dazu:<\/p><ul data-start=\"1796\" data-end=\"1909\"><li data-start=\"1796\" data-end=\"1836\"><p data-start=\"1798\" data-end=\"1836\">die Website technisch bereitzustellen,<\/p><\/li><li data-start=\"1837\" data-end=\"1875\"><p data-start=\"1839\" data-end=\"1875\">bestimmte Funktionen zu erm\u00f6glichen,<\/p><\/li><li data-start=\"1876\" data-end=\"1909\"><p data-start=\"1878\" data-end=\"1909\">Nutzerpr\u00e4ferenzen zu speichern.<\/p><\/li><\/ul><p data-start=\"1911\" data-end=\"1946\">b) Technisch notwendige Cookies<\/p><p data-start=\"1947\" data-end=\"2093\">Ein Teil der Cookies ist technisch erforderlich, damit die Website ordnungsgem\u00e4\u00df funktioniert (z. B. Session-Cookies oder Cookie-Consent-Cookies).<\/p><p data-start=\"2095\" data-end=\"2275\">Diese Cookies werden auf Grundlage von<br data-start=\"2133\" data-end=\"2136\" \/><strong data-start=\"2136\" data-end=\"2166\">Art. 6 Abs. 1 lit. f DSGVO<\/strong> gespeichert, da ein berechtigtes Interesse an der technisch fehlerfreien Bereitstellung der Website besteht.<\/p><p data-start=\"2277\" data-end=\"2301\">c) Optionale Cookies<\/p><p data-start=\"2302\" data-end=\"2463\">Sofern weitere Cookies (z. B. zur Analyse oder Statistik) eingesetzt werden, erfolgt dies <strong data-start=\"2392\" data-end=\"2423\">nur mit deiner Einwilligung<\/strong> gem\u00e4\u00df<br data-start=\"2429\" data-end=\"2432\" \/><strong data-start=\"2432\" data-end=\"2462\">Art. 6 Abs. 1 lit. a DSGVO<\/strong>.<\/p><p data-start=\"2570\" data-end=\"2596\">d) Cookie-Einwilligung<\/p><p data-start=\"2597\" data-end=\"2758\">Beim ersten Besuch der Website wirst du \u00fcber ein Cookie-Banner \u00fcber die Verwendung von Cookies informiert und kannst deine Einwilligung erteilen oder verweigern.<\/p><p data-start=\"2760\" data-end=\"2781\"><strong>6. Kontaktaufnahme<\/strong><\/p><p data-start=\"2782\" data-end=\"2880\">Wenn du uns per E-Mail kontaktierst, werden deine Angaben zur Bearbeitung der Anfrage gespeichert.<\/p><p data-start=\"2882\" data-end=\"2929\"><strong data-start=\"2882\" data-end=\"2902\">Rechtsgrundlage:<\/strong> Art. 6 Abs. 1 lit. b DSGVO<\/p><p data-start=\"2931\" data-end=\"2961\"><strong>7. SSL-\/TLS-Verschl\u00fcsselung<\/strong><\/p><p data-start=\"2962\" data-end=\"3040\">Diese Website nutzt aus Sicherheitsgr\u00fcnden eine SSL- bzw. TLS-Verschl\u00fcsselung.<\/p><p data-start=\"3042\" data-end=\"3077\"><strong>8. Rechte der betroffenen Person<\/strong><\/p><p data-start=\"3078\" data-end=\"3110\">Du hast jederzeit das Recht auf:<\/p><ul data-start=\"3111\" data-end=\"3336\"><li data-start=\"3111\" data-end=\"3137\"><p data-start=\"3113\" data-end=\"3137\">Auskunft (Art. 15 DSGVO)<\/p><\/li><li data-start=\"3138\" data-end=\"3168\"><p data-start=\"3140\" data-end=\"3168\">Berichtigung (Art. 16 DSGVO)<\/p><\/li><li data-start=\"3169\" data-end=\"3195\"><p data-start=\"3171\" data-end=\"3195\">L\u00f6schung (Art. 17 DSGVO)<\/p><\/li><li data-start=\"3196\" data-end=\"3244\"><p data-start=\"3198\" data-end=\"3244\">Einschr\u00e4nkung der Verarbeitung (Art. 18 DSGVO)<\/p><\/li><li data-start=\"3245\" data-end=\"3283\"><p data-start=\"3247\" data-end=\"3283\">Daten\u00fcbertragbarkeit (Art. 20 DSGVO)<\/p><\/li><li data-start=\"3284\" data-end=\"3336\"><p data-start=\"3286\" data-end=\"3336\">Widerspruch gegen die Verarbeitung (Art. 21 DSGVO)<\/p><\/li><\/ul><p data-start=\"3338\" data-end=\"3359\"><strong>9. Beschwerderecht<\/strong><\/p><p data-start=\"3360\" data-end=\"3441\">Dir steht ein Beschwerderecht bei der zust\u00e4ndigen Datenschutzaufsichtsbeh\u00f6rde zu.<\/p>\t\t\t\t\t\t\t\t<\/div>\n\t\t\t\t\t<\/div>\n\t\t\t\t<\/div>\n\t\t\t\t\t<\/div>\n\t\t\t\t<\/div>\n\t\t<div class=\"elementor-element elementor-element-d1f3b32 e-flex e-con-boxed e-con e-parent\" data-id=\"d1f3b32\" data-element_type=\"container\" data-e-type=\"container\" data-settings=\"{&quot;background_background&quot;:&quot;classic&quot;}\">\n\t\t\t\t\t<div class=\"e-con-inner\">\n\t\t\t\t<div class=\"elementor-element elementor-element-3396892 elementor-widget elementor-widget-spacer\" data-id=\"3396892\" data-element_type=\"widget\" data-e-type=\"widget\" data-widget_type=\"spacer.default\">\n\t\t\t\t\t\t\t<div class=\"elementor-spacer\">\n\t\t\t<div class=\"elementor-spacer-inner\"><\/div>\n\t\t<\/div>\n\t\t\t\t\t\t<\/div>\n\t\t\t\t<div class=\"elementor-element elementor-element-daa13ed elementor-widget elementor-widget-text-editor\" data-id=\"daa13ed\" data-element_type=\"widget\" data-e-type=\"widget\" data-widget_type=\"text-editor.default\">\n\t\t\t\t\t\t\t\t\t<p><a href=\"https:\/\/gesundvespern.com\/?page_id=91\">Impressum<\/a> | <a href=\"https:\/\/gesundvespern.com\/?page_id=96\">Datenschutz<\/a> | <a href=\"https:\/\/gesundvespern.com\/?page_id=96\">Cookie-Richtlinie<\/a> | <a href=\"https:\/\/gesundvespern.com\/?page_id=80\">Kontakt<\/a><\/p><p><b>\u00a9 <\/b>Copyright 2026 gesundvespern.com<\/p>\t\t\t\t\t\t\t\t<\/div>\n\t\t\t\t\t<\/div>\n\t\t\t\t<\/div>\n\t\t\t\t<\/div>\n\t\t","protected":false},"excerpt":{"rendered":"<p>Datenschutzerkl\u00e4rung 1. Datenschutz auf einen Blick Der Schutz deiner pers\u00f6nlichen Daten ist uns wichtig. Personenbezogene Daten werden auf dieser Website nur im erforderlichen Umfang und gem\u00e4\u00df den gesetzlichen Vorgaben verarbeitet. 2. Verantwortlicher Verantwortlich f\u00fcr die Datenverarbeitung auf dieser Website ist: Kirsten VesperH\u00e4melingerstr. 2232052 HerfordE-Mail: info@gesundvespern.com 3. Hosting Diese Website wird bei folgendem Anbieter gehostet: Infomaniak [&hellip;]<\/p>\n","protected":false},"author":1,"featured_media":0,"parent":0,"menu_order":0,"comment_status":"closed","ping_status":"closed","template":"","meta":{"iawp_total_views":2,"footnotes":""},"class_list":["post-96","page","type-page","status-publish","hentry"],"_links":{"self":[{"href":"https:\/\/gesundvespern.com\/index.php?rest_route=\/wp\/v2\/pages\/96","targetHints":{"allow":["GET"]}}],"collection":[{"href":"https:\/\/gesundvespern.com\/index.php?rest_route=\/wp\/v2\/pages"}],"about":[{"href":"https:\/\/gesundvespern.com\/index.php?rest_route=\/wp\/v2\/types\/page"}],"author":[{"embeddable":true,"href":"https:\/\/gesundvespern.com\/index.php?rest_route=\/wp\/v2\/users\/1"}],"replies":[{"embeddable":true,"href":"https:\/\/gesundvespern.com\/index.php?rest_route=%2Fwp%2Fv2%2Fcomments&post=96"}],"version-history":[{"count":19,"href":"https:\/\/gesundvespern.com\/index.php?rest_route=\/wp\/v2\/pages\/96\/revisions"}],"predecessor-version":[{"id":362,"href":"https:\/\/gesundvespern.com\/index.php?rest_route=\/wp\/v2\/pages\/96\/revisions\/362"}],"wp:attachment":[{"href":"https:\/\/gesundvespern.com\/index.php?rest_route=%2Fwp%2Fv2%2Fmedia&parent=96"}],"curies":[{"name":"wp","href":"https:\/\/api.w.org\/{rel}","templated":true}]}}